{"id":8620,"date":"2015-01-31T22:28:14","date_gmt":"2015-01-31T22:28:14","guid":{"rendered":"http:\/\/www.arrasateoptika.com\/?page_id=8620"},"modified":"2015-05-29T10:57:21","modified_gmt":"2015-05-29T10:57:21","slug":"ikasketa-zailtasunak","status":"publish","type":"page","link":"https:\/\/www.arrasateoptika.com\/eu\/tratamenduak\/ikasketa-zailtasunak\/","title":{"rendered":"Ikasketa Zailtasunak"},"content":{"rendered":"<p><a href=\"http:\/\/www.arrasateoptika.com\/tratamenduak\/\"> &lt; Tratamenduetara itzuli<\/a><\/p>\n<p>Eskolako lanei etekina ateratzeko jasotzen den informazioak (bai entzumenak, bai ikusmenak) pauso batzuk jarraitu behar ditu:<\/p>\n<ul>\n<li><strong>JASO:<\/strong> Gure organoak osasuntxu eta ondo garatuta egon behar dira informazioa ondo <strong>jasotzeko.<\/strong>.<\/li>\n<li><strong>PROZESATU:<\/strong> Informazio ezberdinak elkarrekin <strong> prozesatu<\/strong> behar dira garun mailan.<\/li>\n<li><strong>ERANTZUN:<\/strong> Garunak <strong>erantzun<\/strong> egoki eta zuzena sortu beharko du.<\/li>\n<\/ul>\n<blockquote><p>Ez da nahikoa garbi ikustea eta begien zorroztasuna 100%-a izatea, gure ikas prozesuan, ikusmena alteratu dezaketen beste <strong>Ikusmen eta Pertzepzio Gaitasun<\/strong> batzuk ere inplikatuak daude.<\/p><\/blockquote>\n<p>[divider type=&#8221;1&#8243;] [\/divider] [column parallax_bg=&#8221;disabled&#8221; parallax_bg_inertia=&#8221;-0.2&#8243; extended=&#8221;&#8221; extended_padding=&#8221;1&#8243; background_color=&#8221;&#8221; background_image=&#8221;&#8221; background_repeat=&#8221;&#8221; background_position=&#8221;&#8221; background_size=&#8221;auto&#8221; background_attachment=&#8221;&#8221; vertical_padding_top=&#8221;0&#8243; vertical_padding_bottom=&#8221;0&#8243; more_link=&#8221;&#8221; more_text=&#8221;&#8221; class=&#8221;&#8221; title=&#8221;&#8221; title_type=&#8221;single&#8221; animation=&#8221;none&#8221; width=&#8221;1\/1&#8243; last=&#8221;true&#8221;] [column_1 width=&#8221;1\/4&#8243; title=&#8221;&#8221; title_type=&#8221;single&#8221; animation=&#8221;none&#8221; implicit=&#8221;true&#8221;] <a href=\"https:\/\/www.arrasateoptika.com\/wp-content\/uploads\/2014\/07\/images.jpg\"><img loading=\"lazy\" decoding=\"async\" class=\"alignnone size-full wp-image-7864\" src=\"https:\/\/www.arrasateoptika.com\/wp-content\/uploads\/2014\/07\/images.jpg\" alt=\"images\" width=\"244\" height=\"207\" \/><\/a> [\/column_1] [column_1 width=&#8221;3\/4&#8243; last=&#8221;true&#8221; title=&#8221;&#8221; title_type=&#8221;single&#8221; animation=&#8221;none&#8221; implicit=&#8221;true&#8221;]<\/p>\n<h4>&#8220;Estimatzen da eskola porroten %15-30ak ikusmen urritasunean duela oinarria..&#8221;<\/h4>\n<p>Haurrek eskolan egiten dituzten zeregin guztiak ikusmenari lotuak daude eta gure burmuinera heltzen den informazioaren %80a ikusmenaren bitartez da. [\/column_1] [\/column] [divider type=&#8221;1&#8243;] [\/divider] [column parallax_bg=&#8221;disabled&#8221; parallax_bg_inertia=&#8221;-0.2&#8243; extended=&#8221;&#8221; extended_padding=&#8221;1&#8243; background_color=&#8221;&#8221; background_image=&#8221;&#8221; background_repeat=&#8221;&#8221; background_position=&#8221;&#8221; background_size=&#8221;auto&#8221; background_attachment=&#8221;&#8221; vertical_padding_top=&#8221;0&#8243; vertical_padding_bottom=&#8221;0&#8243; more_link=&#8221;&#8221; more_text=&#8221;&#8221; class=&#8221;&#8221; title=&#8221;&#8221; title_type=&#8221;single&#8221; animation=&#8221;none&#8221; width=&#8221;1\/1&#8243; last=&#8221;true&#8221;]<\/p>\n<p>Badaude gaizki diagnostikaturiko haurren kasuak, ikusmen arazo batek hurrengo sintomak sortu bait ditzake:<\/p>\n<ul>\n<ul>\n<ul>\n<ul>\n<ul>\n<li>Irakurketa arazoak<\/li>\n<li>Atentzio falta<\/li>\n<li>Hiperaktibitateari loturiko atentzio falta<\/li>\n<li>Matematiketan arazoak<\/li>\n<li>Letren inbertsioak<\/li>\n<li>Silabetan posizio aldaketak<\/li>\n<li>Testu baten ideia nagusia ateratzean eta laburpen bat egitean zailtasunak<\/li>\n<\/ul>\n<\/ul>\n<\/ul>\n<\/ul>\n<\/ul>\n<p>Horregatik, eskola porrot baten aurrean ikusmen sistema aztertu behar da IKUSMEN PERTZEPZIO AZTERKETA bat eginaz.<\/p>\n","protected":false},"excerpt":{"rendered":"<p>&lt; Tratamenduetara itzuli Eskolako lanei etekina ateratzeko jasotzen den informazioak (bai entzumenak, bai ikusmenak) pauso batzuk jarraitu behar ditu: JASO: Gure organoak osasuntxu eta ondo garatuta egon behar dira informazioa ondo jasotzeko.. PROZESATU: Informazio ezberdinak elkarrekin prozesatu behar dira garun mailan. ERANTZUN: Garunak erantzun egoki eta zuzena sortu beharko du. Ez da nahikoa garbi ikustea [&hellip;]<\/p>\n","protected":false},"author":3,"featured_media":0,"parent":7570,"menu_order":0,"comment_status":"closed","ping_status":"closed","template":"","meta":{"_et_pb_use_builder":"on","_et_pb_old_content":"<p><a href=\"http:\/\/www.arrasateoptika.com\/tratamientos\/\"> < Volver a los tratamientos<\/a><\/p><p>Para poder rendir en el colegio, toda la informaci\u00f3n (tanto visual como auditiva) debe seguir unos pasos:<\/p><ul><li><strong>RECIBIR:<\/strong> Nuestros organos deben estar sanos y bien desarrollados para poder <strong>recibirla<\/strong> correctamente.<\/li><li><strong>PROCESAR:<\/strong> Toda la informaci\u00f3n debe ser <strong> procesada<\/strong> conjuntamente en nuestro cerebro.<\/li><li><strong>RESPONDER:<\/strong> El cerebro debe crear una <strong>respuesta<\/strong> acertada y oportuna.<\/li><\/ul><blockquote><p>No solo es necesario ver n\u00edtido y tener una Agudeza Visual del 100% sino que hay otra serie de <strong>Habilidades Visuales y Perceptuales<\/strong> implicadas en la visi\u00f3n que pueden alterar el proceso de nuestro aprendizaje.<\/p><\/blockquote><p>[divider type=\"1\"] [\/divider] [column parallax_bg=\"disabled\" parallax_bg_inertia=\"-0.2\" extended=\"\" extended_padding=\"1\" background_color=\"\" background_image=\"\" background_repeat=\"\" background_position=\"\" background_size=\"auto\" background_attachment=\"\" vertical_padding_top=\"0\" vertical_padding_bottom=\"0\" more_link=\"\" more_text=\"\" class=\"\" title=\"\" title_type=\"single\" animation=\"none\" width=\"1\/1\" last=\"true\"] [column_1 width=\"1\/4\" title=\"\" title_type=\"single\" animation=\"none\" implicit=\"true\"] <a href=\"https:\/\/www.arrasateoptika.com\/wp-content\/uploads\/2014\/07\/images.jpg\"><img class=\"alignnone size-full wp-image-7864\" src=\"https:\/\/www.arrasateoptika.com\/wp-content\/uploads\/2014\/07\/images.jpg\" alt=\"images\" width=\"244\" height=\"207\" \/><\/a> [\/column_1] [column_1 width=\"3\/4\" last=\"true\" title=\"\" title_type=\"single\" animation=\"none\" implicit=\"true\"]<\/p><h4>\"Se estima que entre el 15-30% de los fracasos escolares pueden tener causa en deficiencias visuales.\"<\/h4><p>La totalidad de las tareas que los ni\u00f1os realizan en el colegio son visuales y el 80% de la informaci\u00f3n del entorno que llega a nuestro cerebro lo hace a traves de la visi\u00f3n.<br \/> [\/column_1] [\/column] [divider type=\"1\"] [\/divider] [column parallax_bg=\"disabled\" parallax_bg_inertia=\"-0.2\" extended=\"\" extended_padding=\"1\" background_color=\"\" background_image=\"\" background_repeat=\"\" background_position=\"\" background_size=\"auto\" background_attachment=\"\" vertical_padding_top=\"0\" vertical_padding_bottom=\"0\" more_link=\"\" more_text=\"\" class=\"\" title=\"\" title_type=\"single\" animation=\"none\" width=\"1\/1\" last=\"true\"]<\/p><p>Hay casos de ni\u00f1os mal diagnosticados porque un problema visual tambi\u00e9n puede crear:<\/p><ul><li style=\"list-style-type: none;\"><ul><li style=\"list-style-type: none;\"><ul><li style=\"list-style-type: none;\"><ul><li style=\"list-style-type: none;\"><ul><li>Problemas de lectura<\/li><li>D\u00e9ficit de atenci\u00f3n<\/li><li>D\u00e9ficit de atenci\u00f3n con hiperactividad<\/li><li>Problemas en las matem\u00e1ticas<\/li><li>Inversi\u00f3n de letras<\/li><li>Cambios de posici\u00f3n de s\u00edlabas<\/li><li>Problemas con sacar la idea principal de un texto y hacer un resumen<\/li><\/ul><\/li><\/ul><\/li><\/ul><\/li><\/ul><\/li><\/ul><p>As\u00ed, ante cualquier fracaso escolar hay que evaluar su sistema visual mediante un EXAMEN de PERCEPCI\u00d3N VISUAL.<\/p>","_et_gb_content_width":"","footnotes":""},"class_list":["post-8620","page","type-page","status-publish","hentry"],"yoast_head":"<!-- This site is optimized with the Yoast SEO plugin v27.5 - https:\/\/yoast.com\/product\/yoast-seo-wordpress\/ -->\n<title>Ikasketa Zailtasunak - Arrasate Optika<\/title>\n<meta name=\"robots\" content=\"index, follow, max-snippet:-1, max-image-preview:large, max-video-preview:-1\" \/>\n<link rel=\"canonical\" href=\"https:\/\/www.arrasateoptika.com\/eu\/tratamenduak\/ikasketa-zailtasunak\/\" \/>\n<meta property=\"og:locale\" content=\"en_US\" \/>\n<meta property=\"og:type\" content=\"article\" \/>\n<meta property=\"og:title\" content=\"Ikasketa Zailtasunak - Arrasate Optika\" \/>\n<meta property=\"og:description\" content=\"&lt; Tratamenduetara itzuli Eskolako lanei etekina ateratzeko jasotzen den informazioak (bai entzumenak, bai ikusmenak) pauso batzuk jarraitu behar ditu: JASO: Gure organoak osasuntxu eta ondo garatuta egon behar dira informazioa ondo jasotzeko.. PROZESATU: Informazio ezberdinak elkarrekin prozesatu behar dira garun mailan. ERANTZUN: Garunak erantzun egoki eta zuzena sortu beharko du. Ez da nahikoa garbi ikustea [&hellip;]\" \/>\n<meta property=\"og:url\" content=\"https:\/\/www.arrasateoptika.com\/eu\/tratamenduak\/ikasketa-zailtasunak\/\" \/>\n<meta property=\"og:site_name\" content=\"Arrasate Optika\" \/>\n<meta property=\"article:publisher\" content=\"https:\/\/www.facebook.com\/arrasateoptikaoptometria\/\" \/>\n<meta property=\"article:modified_time\" content=\"2015-05-29T10:57:21+00:00\" \/>\n<meta property=\"og:image\" content=\"http:\/\/www.arrasateoptika.com\/wp-content\/uploads\/2014\/07\/images.jpg\" \/>\n<meta name=\"twitter:label1\" content=\"Est. reading time\" \/>\n\t<meta name=\"twitter:data1\" content=\"1 minutua\" \/>\n<script type=\"application\/ld+json\" class=\"yoast-schema-graph\">{\"@context\":\"https:\\\/\\\/schema.org\",\"@graph\":[{\"@type\":\"WebPage\",\"@id\":\"https:\\\/\\\/www.arrasateoptika.com\\\/eu\\\/tratamenduak\\\/ikasketa-zailtasunak\\\/\",\"url\":\"https:\\\/\\\/www.arrasateoptika.com\\\/eu\\\/tratamenduak\\\/ikasketa-zailtasunak\\\/\",\"name\":\"Ikasketa Zailtasunak - Arrasate Optika\",\"isPartOf\":{\"@id\":\"https:\\\/\\\/www.arrasateoptika.com\\\/#website\"},\"primaryImageOfPage\":{\"@id\":\"https:\\\/\\\/www.arrasateoptika.com\\\/eu\\\/tratamenduak\\\/ikasketa-zailtasunak\\\/#primaryimage\"},\"image\":{\"@id\":\"https:\\\/\\\/www.arrasateoptika.com\\\/eu\\\/tratamenduak\\\/ikasketa-zailtasunak\\\/#primaryimage\"},\"thumbnailUrl\":\"https:\\\/\\\/www.arrasateoptika.com\\\/wp-content\\\/uploads\\\/2014\\\/07\\\/images.jpg\",\"datePublished\":\"2015-01-31T22:28:14+00:00\",\"dateModified\":\"2015-05-29T10:57:21+00:00\",\"breadcrumb\":{\"@id\":\"https:\\\/\\\/www.arrasateoptika.com\\\/eu\\\/tratamenduak\\\/ikasketa-zailtasunak\\\/#breadcrumb\"},\"inLanguage\":\"eu\",\"potentialAction\":[{\"@type\":\"ReadAction\",\"target\":[\"https:\\\/\\\/www.arrasateoptika.com\\\/eu\\\/tratamenduak\\\/ikasketa-zailtasunak\\\/\"]}]},{\"@type\":\"ImageObject\",\"inLanguage\":\"eu\",\"@id\":\"https:\\\/\\\/www.arrasateoptika.com\\\/eu\\\/tratamenduak\\\/ikasketa-zailtasunak\\\/#primaryimage\",\"url\":\"https:\\\/\\\/www.arrasateoptika.com\\\/wp-content\\\/uploads\\\/2014\\\/07\\\/images.jpg\",\"contentUrl\":\"https:\\\/\\\/www.arrasateoptika.com\\\/wp-content\\\/uploads\\\/2014\\\/07\\\/images.jpg\"},{\"@type\":\"BreadcrumbList\",\"@id\":\"https:\\\/\\\/www.arrasateoptika.com\\\/eu\\\/tratamenduak\\\/ikasketa-zailtasunak\\\/#breadcrumb\",\"itemListElement\":[{\"@type\":\"ListItem\",\"position\":1,\"name\":\"Portada\",\"item\":\"https:\\\/\\\/www.arrasateoptika.com\\\/eu\\\/home-5\\\/\"},{\"@type\":\"ListItem\",\"position\":2,\"name\":\"Tratamenduak\",\"item\":\"https:\\\/\\\/www.arrasateoptika.com\\\/eu\\\/tratamenduak\\\/\"},{\"@type\":\"ListItem\",\"position\":3,\"name\":\"Ikasketa Zailtasunak\"}]},{\"@type\":\"WebSite\",\"@id\":\"https:\\\/\\\/www.arrasateoptika.com\\\/#website\",\"url\":\"https:\\\/\\\/www.arrasateoptika.com\\\/\",\"name\":\"Arrasate Optika\",\"description\":\"Optika  y optometr\u00eda\",\"potentialAction\":[{\"@type\":\"SearchAction\",\"target\":{\"@type\":\"EntryPoint\",\"urlTemplate\":\"https:\\\/\\\/www.arrasateoptika.com\\\/?s={search_term_string}\"},\"query-input\":{\"@type\":\"PropertyValueSpecification\",\"valueRequired\":true,\"valueName\":\"search_term_string\"}}],\"inLanguage\":\"eu\"}]}<\/script>\n<!-- \/ Yoast SEO plugin. -->","yoast_head_json":{"title":"Ikasketa Zailtasunak - Arrasate Optika","robots":{"index":"index","follow":"follow","max-snippet":"max-snippet:-1","max-image-preview":"max-image-preview:large","max-video-preview":"max-video-preview:-1"},"canonical":"https:\/\/www.arrasateoptika.com\/eu\/tratamenduak\/ikasketa-zailtasunak\/","og_locale":"en_US","og_type":"article","og_title":"Ikasketa Zailtasunak - Arrasate Optika","og_description":"&lt; Tratamenduetara itzuli Eskolako lanei etekina ateratzeko jasotzen den informazioak (bai entzumenak, bai ikusmenak) pauso batzuk jarraitu behar ditu: JASO: Gure organoak osasuntxu eta ondo garatuta egon behar dira informazioa ondo jasotzeko.. PROZESATU: Informazio ezberdinak elkarrekin prozesatu behar dira garun mailan. ERANTZUN: Garunak erantzun egoki eta zuzena sortu beharko du. Ez da nahikoa garbi ikustea [&hellip;]","og_url":"https:\/\/www.arrasateoptika.com\/eu\/tratamenduak\/ikasketa-zailtasunak\/","og_site_name":"Arrasate Optika","article_publisher":"https:\/\/www.facebook.com\/arrasateoptikaoptometria\/","article_modified_time":"2015-05-29T10:57:21+00:00","og_image":[{"url":"http:\/\/www.arrasateoptika.com\/wp-content\/uploads\/2014\/07\/images.jpg","type":"","width":"","height":""}],"twitter_misc":{"Est. reading time":"1 minutua"},"schema":{"@context":"https:\/\/schema.org","@graph":[{"@type":"WebPage","@id":"https:\/\/www.arrasateoptika.com\/eu\/tratamenduak\/ikasketa-zailtasunak\/","url":"https:\/\/www.arrasateoptika.com\/eu\/tratamenduak\/ikasketa-zailtasunak\/","name":"Ikasketa Zailtasunak - Arrasate Optika","isPartOf":{"@id":"https:\/\/www.arrasateoptika.com\/#website"},"primaryImageOfPage":{"@id":"https:\/\/www.arrasateoptika.com\/eu\/tratamenduak\/ikasketa-zailtasunak\/#primaryimage"},"image":{"@id":"https:\/\/www.arrasateoptika.com\/eu\/tratamenduak\/ikasketa-zailtasunak\/#primaryimage"},"thumbnailUrl":"https:\/\/www.arrasateoptika.com\/wp-content\/uploads\/2014\/07\/images.jpg","datePublished":"2015-01-31T22:28:14+00:00","dateModified":"2015-05-29T10:57:21+00:00","breadcrumb":{"@id":"https:\/\/www.arrasateoptika.com\/eu\/tratamenduak\/ikasketa-zailtasunak\/#breadcrumb"},"inLanguage":"eu","potentialAction":[{"@type":"ReadAction","target":["https:\/\/www.arrasateoptika.com\/eu\/tratamenduak\/ikasketa-zailtasunak\/"]}]},{"@type":"ImageObject","inLanguage":"eu","@id":"https:\/\/www.arrasateoptika.com\/eu\/tratamenduak\/ikasketa-zailtasunak\/#primaryimage","url":"https:\/\/www.arrasateoptika.com\/wp-content\/uploads\/2014\/07\/images.jpg","contentUrl":"https:\/\/www.arrasateoptika.com\/wp-content\/uploads\/2014\/07\/images.jpg"},{"@type":"BreadcrumbList","@id":"https:\/\/www.arrasateoptika.com\/eu\/tratamenduak\/ikasketa-zailtasunak\/#breadcrumb","itemListElement":[{"@type":"ListItem","position":1,"name":"Portada","item":"https:\/\/www.arrasateoptika.com\/eu\/home-5\/"},{"@type":"ListItem","position":2,"name":"Tratamenduak","item":"https:\/\/www.arrasateoptika.com\/eu\/tratamenduak\/"},{"@type":"ListItem","position":3,"name":"Ikasketa Zailtasunak"}]},{"@type":"WebSite","@id":"https:\/\/www.arrasateoptika.com\/#website","url":"https:\/\/www.arrasateoptika.com\/","name":"Arrasate Optika","description":"Optika  y optometr\u00eda","potentialAction":[{"@type":"SearchAction","target":{"@type":"EntryPoint","urlTemplate":"https:\/\/www.arrasateoptika.com\/?s={search_term_string}"},"query-input":{"@type":"PropertyValueSpecification","valueRequired":true,"valueName":"search_term_string"}}],"inLanguage":"eu"}]}},"_links":{"self":[{"href":"https:\/\/www.arrasateoptika.com\/eu\/wp-json\/wp\/v2\/pages\/8620","targetHints":{"allow":["GET"]}}],"collection":[{"href":"https:\/\/www.arrasateoptika.com\/eu\/wp-json\/wp\/v2\/pages"}],"about":[{"href":"https:\/\/www.arrasateoptika.com\/eu\/wp-json\/wp\/v2\/types\/page"}],"author":[{"embeddable":true,"href":"https:\/\/www.arrasateoptika.com\/eu\/wp-json\/wp\/v2\/users\/3"}],"replies":[{"embeddable":true,"href":"https:\/\/www.arrasateoptika.com\/eu\/wp-json\/wp\/v2\/comments?post=8620"}],"version-history":[{"count":7,"href":"https:\/\/www.arrasateoptika.com\/eu\/wp-json\/wp\/v2\/pages\/8620\/revisions"}],"predecessor-version":[{"id":8784,"href":"https:\/\/www.arrasateoptika.com\/eu\/wp-json\/wp\/v2\/pages\/8620\/revisions\/8784"}],"up":[{"embeddable":true,"href":"https:\/\/www.arrasateoptika.com\/eu\/wp-json\/wp\/v2\/pages\/7570"}],"wp:attachment":[{"href":"https:\/\/www.arrasateoptika.com\/eu\/wp-json\/wp\/v2\/media?parent=8620"}],"curies":[{"name":"wp","href":"https:\/\/api.w.org\/{rel}","templated":true}]}}