{"id":8612,"date":"2015-01-31T16:32:32","date_gmt":"2015-01-31T16:32:32","guid":{"rendered":"http:\/\/www.arrasateoptika.com\/?page_id=8612"},"modified":"2015-05-29T10:59:59","modified_gmt":"2015-05-29T10:59:59","slug":"miopia-kontrola","status":"publish","type":"page","link":"https:\/\/www.arrasateoptika.com\/eu\/tratamenduak\/miopia-kontrola\/","title":{"rendered":"Miopia Kontrola"},"content":{"rendered":"<p><a href=\"http:\/\/www.arrasateoptika.com\/tratamenduak\/\"> &lt; Tratamenduetara itzuli<\/a><\/p>\n<blockquote><p>Miopiaren prebalentzia guztiz aldatzen da munduko herrialde ezberdinetan baina toki gehienetan igoera nabarmena somatu da azkenaldian biztanleria miopearen artean.<\/p><\/blockquote>\n<p>[divider type=&#8221;1&#8243;] [\/divider] [column parallax_bg=&#8221;disabled&#8221; parallax_bg_inertia=&#8221;-0.2&#8243; extended=&#8221;&#8221; extended_padding=&#8221;1&#8243; background_color=&#8221;&#8221; background_image=&#8221;&#8221; background_repeat=&#8221;&#8221; background_position=&#8221;&#8221; background_size=&#8221;auto&#8221; background_attachment=&#8221;&#8221; vertical_padding_top=&#8221;0&#8243; vertical_padding_bottom=&#8221;0&#8243; more_link=&#8221;&#8221; more_text=&#8221;&#8221; class=&#8221;&#8221; title=&#8221;&#8221; title_type=&#8221;single&#8221; animation=&#8221;none&#8221; width=&#8221;1\/1&#8243; last=&#8221;true&#8221;] [column_1 width=&#8221;1\/4&#8243; title=&#8221;&#8221; title_type=&#8221;single&#8221; animation=&#8221;none&#8221; implicit=&#8221;true&#8221;]<\/p>\n<div id=\"attachment_8442\" style=\"width: 300px\" class=\"wp-caption alignnone\"><a href=\"https:\/\/www.arrasateoptika.com\/wp-content\/uploads\/2014\/10\/miopia.jpg\"><img loading=\"lazy\" decoding=\"async\" aria-describedby=\"caption-attachment-8442\" class=\"size-full wp-image-8442\" src=\"https:\/\/www.arrasateoptika.com\/wp-content\/uploads\/2014\/10\/miopia.jpg\" alt=\"miopia\" width=\"290\" height=\"173\" \/><\/a><p id=\"caption-attachment-8442\" class=\"wp-caption-text\">miopia<\/p><\/div>\n<p>[\/column_1] [column_1 width=&#8221;3\/4&#8243; last=&#8221;true&#8221; title=&#8221;&#8221; title_type=&#8221;single&#8221; animation=&#8221;none&#8221; implicit=&#8221;true&#8221;]Miopiaren igoera hau irudia inguruko retinaren atzean sortzearekin lotzen da, horregatik ikertzaile batzuk enfoke txar honen manipulazioa proposatu dute miopiaren kontrolaren mekanismo gisa.[\/column_1] [\/column] [divider type=&#8221;1&#8243;] [\/divider] [column parallax_bg=&#8221;disabled&#8221; parallax_bg_inertia=&#8221;-0.2&#8243; extended=&#8221;&#8221; extended_padding=&#8221;1&#8243; background_color=&#8221;&#8221; background_image=&#8221;&#8221; background_repeat=&#8221;&#8221; background_position=&#8221;&#8221; background_size=&#8221;auto&#8221; background_attachment=&#8221;&#8221; vertical_padding_top=&#8221;0&#8243; vertical_padding_bottom=&#8221;0&#8243; more_link=&#8221;&#8221; more_text=&#8221;&#8221; class=&#8221;&#8221; title=&#8221;&#8221; title_type=&#8221;single&#8221; animation=&#8221;none&#8221; width=&#8221;1\/1&#8243; last=&#8221;true&#8221;]<\/p>\n<p>Aurreratze hau moteltzeko, ondoriorik gabeko metodu eraginkorrenak: pirenzepina, kornea eraberritzen duten ukipen lenteak eta ukipen lente bifokalak dira. Baina pirenzepina oraindik merkatuan ez dagoenez kornea eraberritzen duten ukipen lenteak eta ukipen lente bifokalak dira begi miopearen handitzea moteltzen duten aukera egokienak %46 eta %55 artekoa delarik.<\/p>\n<p>&nbsp;<\/p>\n<h4>&#8220;Guk ARRASATE OPTIKA OPTOMETRIA ZENTRUAN paziente bakoitzari egokitzen diogu tratamendua.<\/h4>\n<p>Beraz, ukipen lente bereziak,erdizurrunak,orto-k eta Mysight lenteak erabiltzen ditugu miopiaren kontrolerako. Beharrezkoa bada ikusmen terapiaz bateratuko dugu emaitzak hobetzeko.<\/p>\n","protected":false},"excerpt":{"rendered":"<p>&lt; Tratamenduetara itzuli Miopiaren prebalentzia guztiz aldatzen da munduko herrialde ezberdinetan baina toki gehienetan igoera nabarmena somatu da azkenaldian biztanleria miopearen artean. [divider type=&#8221;1&#8243;] [\/divider] [column parallax_bg=&#8221;disabled&#8221; parallax_bg_inertia=&#8221;-0.2&#8243; extended=&#8221;&#8221; extended_padding=&#8221;1&#8243; background_color=&#8221;&#8221; background_image=&#8221;&#8221; background_repeat=&#8221;&#8221; background_position=&#8221;&#8221; background_size=&#8221;auto&#8221; background_attachment=&#8221;&#8221; vertical_padding_top=&#8221;0&#8243; vertical_padding_bottom=&#8221;0&#8243; more_link=&#8221;&#8221; more_text=&#8221;&#8221; class=&#8221;&#8221; title=&#8221;&#8221; title_type=&#8221;single&#8221; animation=&#8221;none&#8221; width=&#8221;1\/1&#8243; last=&#8221;true&#8221;] [column_1 width=&#8221;1\/4&#8243; title=&#8221;&#8221; title_type=&#8221;single&#8221; animation=&#8221;none&#8221; implicit=&#8221;true&#8221;] [\/column_1] [column_1 width=&#8221;3\/4&#8243; [&hellip;]<\/p>\n","protected":false},"author":3,"featured_media":0,"parent":7570,"menu_order":0,"comment_status":"closed","ping_status":"closed","template":"","meta":{"_et_pb_use_builder":"on","_et_pb_old_content":"<p><a href=\"http:\/\/www.arrasateoptika.com\/tratamientos\/\"> < Volver a los tratamientos<\/a><\/p><blockquote><p>La prevalencia de miop\u00eda var\u00eda considerablemente en las distintas regiones del mundo, pero en la mayor\u00eda de las zonas se ha referido un aumento reciente en la proporci\u00f3n de la poblaci\u00f3n miope.<\/p><\/blockquote><p>[divider type=\"1\"] [\/divider] [column parallax_bg=\"disabled\" parallax_bg_inertia=\"-0.2\" extended=\"\" extended_padding=\"1\" background_color=\"\" background_image=\"\" background_repeat=\"\" background_position=\"\" background_size=\"auto\" background_attachment=\"\" vertical_padding_top=\"0\" vertical_padding_bottom=\"0\" more_link=\"\" more_text=\"\" class=\"\" title=\"\" title_type=\"single\" animation=\"none\" width=\"1\/1\" last=\"true\"] [column_1 width=\"1\/4\" title=\"\" title_type=\"single\" animation=\"none\" implicit=\"true\"]<\/p>[caption id=\"attachment_8442\" align=\"alignnone\" width=\"290\"]<a href=\"https:\/\/www.arrasateoptika.com\/wp-content\/uploads\/2014\/10\/miopia.jpg\"><img class=\"size-full wp-image-8442\" src=\"https:\/\/www.arrasateoptika.com\/wp-content\/uploads\/2014\/10\/miopia.jpg\" alt=\"miopia\" width=\"290\" height=\"173\" \/><\/a> miopia[\/caption]<p>[\/column_1] [column_1 width=\"3\/4\" last=\"true\" title=\"\" title_type=\"single\" animation=\"none\" implicit=\"true\"] La progresi\u00f3n de la miop\u00eda se asocia con la formaci\u00f3n de la imagen por detr\u00e1s de la retina perif\u00e9rica, y por tanto varios investigadores se han propuesto la manipulaci\u00f3n de este desenfoque como mecanismo de control de miop\u00eda.[\/column_1] [\/column] [divider type=\"1\"] [\/divider] [column parallax_bg=\"disabled\" parallax_bg_inertia=\"-0.2\" extended=\"\" extended_padding=\"1\" background_color=\"\" background_image=\"\" background_repeat=\"\" background_position=\"\" background_size=\"auto\" background_attachment=\"\" vertical_padding_top=\"0\" vertical_padding_bottom=\"0\" more_link=\"\" more_text=\"\" class=\"\" title=\"\" title_type=\"single\" animation=\"none\" width=\"1\/1\" last=\"true\"]<\/p><p>Los dos m\u00e9todos m\u00e1s efectivos para ralentizar la progresi\u00f3n de la miop\u00eda sin efectos secundarios significativos son la pirenzepina, las lentes de contacto para el remodelado corneal, y las lentes de contacto blandas bifocales. Sin embargo, la pirenzepina no est\u00e1 disponible en el mercado, as\u00ed que <strong>las lentes de contacto para el remodelado corneal y las lentes de contacto blandas bifocales<\/strong> representan las dos opciones m\u00e1s adecuadas para potencialmente disminuir el crecimiento del ojo miope, siendo ralentizado entre un 46% y un 55%.<\/p><p>\u00a0<\/p><h4>\"Nosotras en ARRASATE OPTIKA OPTOMETRIA ZENTRUA optamos por el tratamiento m\u00e1s conveniente en funci\u00f3n de cada paciente.<\/h4><p>As\u00ed trabajamos con lentes especiales, semirr\u00edgidas, orto-k, lentes MySight blandas para control de miop\u00eda y en caso de necesitarlo trabajamos junto con Terapia Visual para optimizar los resultados.<\/p>","_et_gb_content_width":"","footnotes":""},"class_list":["post-8612","page","type-page","status-publish","hentry"],"yoast_head":"<!-- This site is optimized with the Yoast SEO plugin v27.5 - https:\/\/yoast.com\/product\/yoast-seo-wordpress\/ -->\n<title>Miopia Kontrola - Arrasate Optika<\/title>\n<meta name=\"robots\" content=\"index, follow, max-snippet:-1, max-image-preview:large, max-video-preview:-1\" \/>\n<link rel=\"canonical\" href=\"https:\/\/www.arrasateoptika.com\/eu\/tratamenduak\/miopia-kontrola\/\" \/>\n<meta property=\"og:locale\" content=\"en_US\" \/>\n<meta property=\"og:type\" content=\"article\" \/>\n<meta property=\"og:title\" content=\"Miopia Kontrola - Arrasate Optika\" \/>\n<meta property=\"og:description\" content=\"&lt; Tratamenduetara itzuli Miopiaren prebalentzia guztiz aldatzen da munduko herrialde ezberdinetan baina toki gehienetan igoera nabarmena somatu da azkenaldian biztanleria miopearen artean. [divider type=&quot;1&quot;] [\/divider] [column parallax_bg=&quot;disabled&quot; parallax_bg_inertia=&quot;-0.2&quot; extended=&quot;&quot; extended_padding=&quot;1&quot; background_color=&quot;&quot; background_image=&quot;&quot; background_repeat=&quot;&quot; background_position=&quot;&quot; background_size=&quot;auto&quot; background_attachment=&quot;&quot; vertical_padding_top=&quot;0&quot; vertical_padding_bottom=&quot;0&quot; more_link=&quot;&quot; more_text=&quot;&quot; class=&quot;&quot; title=&quot;&quot; title_type=&quot;single&quot; animation=&quot;none&quot; width=&quot;1\/1&quot; last=&quot;true&quot;] [column_1 width=&quot;1\/4&quot; title=&quot;&quot; title_type=&quot;single&quot; animation=&quot;none&quot; implicit=&quot;true&quot;] [\/column_1] [column_1 width=&quot;3\/4&quot; [&hellip;]\" \/>\n<meta property=\"og:url\" content=\"https:\/\/www.arrasateoptika.com\/eu\/tratamenduak\/miopia-kontrola\/\" \/>\n<meta property=\"og:site_name\" content=\"Arrasate Optika\" \/>\n<meta property=\"article:publisher\" content=\"https:\/\/www.facebook.com\/arrasateoptikaoptometria\/\" \/>\n<meta property=\"article:modified_time\" content=\"2015-05-29T10:59:59+00:00\" \/>\n<meta property=\"og:image\" content=\"http:\/\/www.arrasateoptika.com\/wp-content\/uploads\/2014\/10\/miopia.jpg\" \/>\n<meta name=\"twitter:label1\" content=\"Est. reading time\" \/>\n\t<meta name=\"twitter:data1\" content=\"1 minutua\" \/>\n<script type=\"application\/ld+json\" class=\"yoast-schema-graph\">{\"@context\":\"https:\\\/\\\/schema.org\",\"@graph\":[{\"@type\":\"WebPage\",\"@id\":\"https:\\\/\\\/www.arrasateoptika.com\\\/eu\\\/tratamenduak\\\/miopia-kontrola\\\/\",\"url\":\"https:\\\/\\\/www.arrasateoptika.com\\\/eu\\\/tratamenduak\\\/miopia-kontrola\\\/\",\"name\":\"Miopia Kontrola - Arrasate Optika\",\"isPartOf\":{\"@id\":\"https:\\\/\\\/www.arrasateoptika.com\\\/#website\"},\"primaryImageOfPage\":{\"@id\":\"https:\\\/\\\/www.arrasateoptika.com\\\/eu\\\/tratamenduak\\\/miopia-kontrola\\\/#primaryimage\"},\"image\":{\"@id\":\"https:\\\/\\\/www.arrasateoptika.com\\\/eu\\\/tratamenduak\\\/miopia-kontrola\\\/#primaryimage\"},\"thumbnailUrl\":\"https:\\\/\\\/www.arrasateoptika.com\\\/wp-content\\\/uploads\\\/2014\\\/10\\\/miopia.jpg\",\"datePublished\":\"2015-01-31T16:32:32+00:00\",\"dateModified\":\"2015-05-29T10:59:59+00:00\",\"breadcrumb\":{\"@id\":\"https:\\\/\\\/www.arrasateoptika.com\\\/eu\\\/tratamenduak\\\/miopia-kontrola\\\/#breadcrumb\"},\"inLanguage\":\"eu\",\"potentialAction\":[{\"@type\":\"ReadAction\",\"target\":[\"https:\\\/\\\/www.arrasateoptika.com\\\/eu\\\/tratamenduak\\\/miopia-kontrola\\\/\"]}]},{\"@type\":\"ImageObject\",\"inLanguage\":\"eu\",\"@id\":\"https:\\\/\\\/www.arrasateoptika.com\\\/eu\\\/tratamenduak\\\/miopia-kontrola\\\/#primaryimage\",\"url\":\"https:\\\/\\\/www.arrasateoptika.com\\\/wp-content\\\/uploads\\\/2014\\\/10\\\/miopia.jpg\",\"contentUrl\":\"https:\\\/\\\/www.arrasateoptika.com\\\/wp-content\\\/uploads\\\/2014\\\/10\\\/miopia.jpg\"},{\"@type\":\"BreadcrumbList\",\"@id\":\"https:\\\/\\\/www.arrasateoptika.com\\\/eu\\\/tratamenduak\\\/miopia-kontrola\\\/#breadcrumb\",\"itemListElement\":[{\"@type\":\"ListItem\",\"position\":1,\"name\":\"Portada\",\"item\":\"https:\\\/\\\/www.arrasateoptika.com\\\/eu\\\/home-5\\\/\"},{\"@type\":\"ListItem\",\"position\":2,\"name\":\"Tratamenduak\",\"item\":\"https:\\\/\\\/www.arrasateoptika.com\\\/eu\\\/tratamenduak\\\/\"},{\"@type\":\"ListItem\",\"position\":3,\"name\":\"Miopia Kontrola\"}]},{\"@type\":\"WebSite\",\"@id\":\"https:\\\/\\\/www.arrasateoptika.com\\\/#website\",\"url\":\"https:\\\/\\\/www.arrasateoptika.com\\\/\",\"name\":\"Arrasate Optika\",\"description\":\"Optika  y optometr\u00eda\",\"potentialAction\":[{\"@type\":\"SearchAction\",\"target\":{\"@type\":\"EntryPoint\",\"urlTemplate\":\"https:\\\/\\\/www.arrasateoptika.com\\\/?s={search_term_string}\"},\"query-input\":{\"@type\":\"PropertyValueSpecification\",\"valueRequired\":true,\"valueName\":\"search_term_string\"}}],\"inLanguage\":\"eu\"}]}<\/script>\n<!-- \/ Yoast SEO plugin. -->","yoast_head_json":{"title":"Miopia Kontrola - Arrasate Optika","robots":{"index":"index","follow":"follow","max-snippet":"max-snippet:-1","max-image-preview":"max-image-preview:large","max-video-preview":"max-video-preview:-1"},"canonical":"https:\/\/www.arrasateoptika.com\/eu\/tratamenduak\/miopia-kontrola\/","og_locale":"en_US","og_type":"article","og_title":"Miopia Kontrola - Arrasate Optika","og_description":"&lt; Tratamenduetara itzuli Miopiaren prebalentzia guztiz aldatzen da munduko herrialde ezberdinetan baina toki gehienetan igoera nabarmena somatu da azkenaldian biztanleria miopearen artean. [divider type=\"1\"] [\/divider] [column parallax_bg=\"disabled\" parallax_bg_inertia=\"-0.2\" extended=\"\" extended_padding=\"1\" background_color=\"\" background_image=\"\" background_repeat=\"\" background_position=\"\" background_size=\"auto\" background_attachment=\"\" vertical_padding_top=\"0\" vertical_padding_bottom=\"0\" more_link=\"\" more_text=\"\" class=\"\" title=\"\" title_type=\"single\" animation=\"none\" width=\"1\/1\" last=\"true\"] [column_1 width=\"1\/4\" title=\"\" title_type=\"single\" animation=\"none\" implicit=\"true\"] [\/column_1] [column_1 width=\"3\/4\" [&hellip;]","og_url":"https:\/\/www.arrasateoptika.com\/eu\/tratamenduak\/miopia-kontrola\/","og_site_name":"Arrasate Optika","article_publisher":"https:\/\/www.facebook.com\/arrasateoptikaoptometria\/","article_modified_time":"2015-05-29T10:59:59+00:00","og_image":[{"url":"http:\/\/www.arrasateoptika.com\/wp-content\/uploads\/2014\/10\/miopia.jpg","type":"","width":"","height":""}],"twitter_misc":{"Est. reading time":"1 minutua"},"schema":{"@context":"https:\/\/schema.org","@graph":[{"@type":"WebPage","@id":"https:\/\/www.arrasateoptika.com\/eu\/tratamenduak\/miopia-kontrola\/","url":"https:\/\/www.arrasateoptika.com\/eu\/tratamenduak\/miopia-kontrola\/","name":"Miopia Kontrola - Arrasate Optika","isPartOf":{"@id":"https:\/\/www.arrasateoptika.com\/#website"},"primaryImageOfPage":{"@id":"https:\/\/www.arrasateoptika.com\/eu\/tratamenduak\/miopia-kontrola\/#primaryimage"},"image":{"@id":"https:\/\/www.arrasateoptika.com\/eu\/tratamenduak\/miopia-kontrola\/#primaryimage"},"thumbnailUrl":"https:\/\/www.arrasateoptika.com\/wp-content\/uploads\/2014\/10\/miopia.jpg","datePublished":"2015-01-31T16:32:32+00:00","dateModified":"2015-05-29T10:59:59+00:00","breadcrumb":{"@id":"https:\/\/www.arrasateoptika.com\/eu\/tratamenduak\/miopia-kontrola\/#breadcrumb"},"inLanguage":"eu","potentialAction":[{"@type":"ReadAction","target":["https:\/\/www.arrasateoptika.com\/eu\/tratamenduak\/miopia-kontrola\/"]}]},{"@type":"ImageObject","inLanguage":"eu","@id":"https:\/\/www.arrasateoptika.com\/eu\/tratamenduak\/miopia-kontrola\/#primaryimage","url":"https:\/\/www.arrasateoptika.com\/wp-content\/uploads\/2014\/10\/miopia.jpg","contentUrl":"https:\/\/www.arrasateoptika.com\/wp-content\/uploads\/2014\/10\/miopia.jpg"},{"@type":"BreadcrumbList","@id":"https:\/\/www.arrasateoptika.com\/eu\/tratamenduak\/miopia-kontrola\/#breadcrumb","itemListElement":[{"@type":"ListItem","position":1,"name":"Portada","item":"https:\/\/www.arrasateoptika.com\/eu\/home-5\/"},{"@type":"ListItem","position":2,"name":"Tratamenduak","item":"https:\/\/www.arrasateoptika.com\/eu\/tratamenduak\/"},{"@type":"ListItem","position":3,"name":"Miopia Kontrola"}]},{"@type":"WebSite","@id":"https:\/\/www.arrasateoptika.com\/#website","url":"https:\/\/www.arrasateoptika.com\/","name":"Arrasate Optika","description":"Optika  y optometr\u00eda","potentialAction":[{"@type":"SearchAction","target":{"@type":"EntryPoint","urlTemplate":"https:\/\/www.arrasateoptika.com\/?s={search_term_string}"},"query-input":{"@type":"PropertyValueSpecification","valueRequired":true,"valueName":"search_term_string"}}],"inLanguage":"eu"}]}},"_links":{"self":[{"href":"https:\/\/www.arrasateoptika.com\/eu\/wp-json\/wp\/v2\/pages\/8612","targetHints":{"allow":["GET"]}}],"collection":[{"href":"https:\/\/www.arrasateoptika.com\/eu\/wp-json\/wp\/v2\/pages"}],"about":[{"href":"https:\/\/www.arrasateoptika.com\/eu\/wp-json\/wp\/v2\/types\/page"}],"author":[{"embeddable":true,"href":"https:\/\/www.arrasateoptika.com\/eu\/wp-json\/wp\/v2\/users\/3"}],"replies":[{"embeddable":true,"href":"https:\/\/www.arrasateoptika.com\/eu\/wp-json\/wp\/v2\/comments?post=8612"}],"version-history":[{"count":9,"href":"https:\/\/www.arrasateoptika.com\/eu\/wp-json\/wp\/v2\/pages\/8612\/revisions"}],"predecessor-version":[{"id":8786,"href":"https:\/\/www.arrasateoptika.com\/eu\/wp-json\/wp\/v2\/pages\/8612\/revisions\/8786"}],"up":[{"embeddable":true,"href":"https:\/\/www.arrasateoptika.com\/eu\/wp-json\/wp\/v2\/pages\/7570"}],"wp:attachment":[{"href":"https:\/\/www.arrasateoptika.com\/eu\/wp-json\/wp\/v2\/media?parent=8612"}],"curies":[{"name":"wp","href":"https:\/\/api.w.org\/{rel}","templated":true}]}}