{"id":7941,"date":"2014-07-16T07:32:04","date_gmt":"2014-07-16T07:32:04","guid":{"rendered":"http:\/\/www.arrasateoptika.com\/?page_id=7941"},"modified":"2020-02-07T12:02:37","modified_gmt":"2020-02-07T12:02:37","slug":"leire-telleria-garai","status":"publish","type":"page","link":"https:\/\/www.arrasateoptika.com\/eu\/quienes-somos-ok\/leire-telleria-garai\/","title":{"rendered":"LEIRE TELLERIA"},"content":{"rendered":"<p>[et_pb_section fb_built=&#8221;1&#8243; custom_padding_last_edited=&#8221;on|phone&#8221; admin_label=&#8221;Hero Section&#8221; _builder_version=&#8221;3.0.106&#8243; use_background_color_gradient=&#8221;on&#8221; background_color_gradient_start=&#8221;#a055a3&#8243; background_color_gradient_end=&#8221;#ca85d7&#8243; background_color_gradient_direction=&#8221;105deg&#8221; custom_margin=&#8221;0px||0px|&#8221; custom_padding=&#8221;20px|0px|20px|0px&#8221; custom_padding_phone=&#8221;0px|0px|0px|0px&#8221;][et_pb_row _builder_version=&#8221;3.0.47&#8243; background_size=&#8221;initial&#8221; background_position=&#8221;top_left&#8221; background_repeat=&#8221;repeat&#8221;][et_pb_column type=&#8221;4_4&#8243; _builder_version=&#8221;3.0.47&#8243;][et_pb_text _builder_version=&#8221;3.0.106&#8243; text_font=&#8221;Poppins||||||||&#8221; text_text_color=&#8221;rgba(255,255,255,0.8)&#8221; text_font_size=&#8221;18px&#8221; text_line_height=&#8221;1.8em&#8221; header_font=&#8221;Poppins|600|||||||&#8221; header_text_color=&#8221;#ffffff&#8221; header_font_size=&#8221;48px&#8221; header_font_size_phone=&#8221;20px&#8221; header_font_size_last_edited=&#8221;on|desktop&#8221; header_line_height=&#8221;1.4em&#8221; header_3_font=&#8221;Poppins|600|||||||&#8221; header_3_font_size=&#8221;36px&#8221; header_3_line_height=&#8221;1.4em&#8221; background_layout=&#8221;dark&#8221; max_width=&#8221;600px&#8221; module_alignment=&#8221;left&#8221; custom_margin=&#8221;|||&#8221; locked=&#8221;off&#8221;]<\/p>\n<h1>Nortzuk gara<\/h1>\n<p>[\/et_pb_text][\/et_pb_column][\/et_pb_row][\/et_pb_section][et_pb_section fb_built=&#8221;1&#8243; _builder_version=&#8221;3.0.47&#8243; custom_padding=&#8221;14px|0px|0|0px&#8221;][et_pb_row _builder_version=&#8221;3.0.47&#8243; background_size=&#8221;initial&#8221; background_position=&#8221;top_left&#8221; background_repeat=&#8221;repeat&#8221;][et_pb_column type=&#8221;4_4&#8243; _builder_version=&#8221;3.0.47&#8243;][et_pb_text _builder_version=&#8221;3.0.106&#8243; saved_tabs=&#8221;all&#8221;]<\/p>\n<p><a href=\"https:\/\/www.arrasateoptika.com\/quienes-somos-ok\/\">Nortzuk gara &gt; Leire Teller\u00eda\u00a0<\/a><\/p>\n<p>[\/et_pb_text][et_pb_text admin_label=&#8221;Texto bueno titulo&#8221; _builder_version=&#8221;3.0.106&#8243; text_font_size=&#8221;19px&#8221; text_font_size_phone=&#8221;15px&#8221; text_font_size_last_edited=&#8221;on|phone&#8221; header_font_size=&#8221;31px&#8221; header_font_size_phone=&#8221;20px&#8221; header_font_size_last_edited=&#8221;on|desktop&#8221; header_3_font=&#8221;Poppins|600|||||||&#8221; header_3_text_color=&#8221;#44d89e&#8221; header_3_font_size=&#8221;36px&#8221; header_3_font_size_phone=&#8221;21px&#8221; header_3_font_size_last_edited=&#8221;on|phone&#8221; header_3_line_height=&#8221;1.4em&#8221; saved_tabs=&#8221;all&#8221;]<\/p>\n<h3>LEIRE TELLERIA<\/h3>\n<p>Optometrista<br \/>\nN\u00aaCol.18.134[\/et_pb_text][\/et_pb_column][\/et_pb_row][\/et_pb_section][et_pb_section fb_built=&#8221;1&#8243; _builder_version=&#8221;3.0.47&#8243;][et_pb_row _builder_version=&#8221;3.0.47&#8243; background_size=&#8221;initial&#8221; background_position=&#8221;top_left&#8221; background_repeat=&#8221;repeat&#8221;][et_pb_column type=&#8221;1_3&#8243; _builder_version=&#8221;3.0.47&#8243;][et_pb_team_member name=&#8221;Leire Teller\u00eda Garai&#8221; position=&#8221;Optometrista &#8221; image_url=&#8221;https:\/\/www.arrasateoptika.com\/wp-content\/uploads\/2013\/03\/ainhoa.jpg&#8221; icon_color=&#8221;#44d89e&#8221; _builder_version=&#8221;3.12.3&#8243; header_font=&#8221;Poppins|500|||||||&#8221; header_text_color=&#8221;#486066&#8243; body_font=&#8221;Open Sans||||||||&#8221; body_font_size_tablet=&#8221;12&#8243; body_font_size_last_edited=&#8221;on|phone&#8221; body_line_height=&#8221;1.8em&#8221; background_color=&#8221;#ffffff&#8221; border_radii=&#8221;on|6px|6px|6px|6px&#8221; box_shadow_style=&#8221;preset1&#8243; box_shadow_vertical=&#8221;10px&#8221; box_shadow_blur=&#8221;24px&#8221; box_shadow_spread=&#8221;6px&#8221; box_shadow_color=&#8221;rgba(0,0,0,0.06)&#8221; text_orientation=&#8221;center&#8221; custom_margin=&#8221;|||&#8221; custom_padding=&#8221;20px|20px|20px|20px&#8221; animation_style=&#8221;fade&#8221; icon_hover_color=&#8221;#353740&#8243; saved_tabs=&#8221;all&#8221; icon_color__hover=&#8221;#353740&#8243; icon_color__hover_enabled=&#8221;on&#8221;]<\/p>\n<p style=\"text-align: center;\"><a href=\"mailto:optometria@arrasateoptika.com\">leire@arrasateoptika.com<\/a><br \/>\n943 79 25 98<\/p>\n<p>[\/et_pb_team_member][\/et_pb_column][et_pb_column type=&#8221;2_3&#8243; _builder_version=&#8221;3.0.47&#8243;][et_pb_text _builder_version=&#8221;3.0.106&#8243;]<\/p>\n<p><strong>Optika eta Optometriako diplomaduna Madrilgo Unibertsitate Konplutentsean.<\/strong><\/p>\n<p>Ikasketak bukatu zituenean, optikako lanekin bateratu zuen bere formakuntza Optometriaren arlo desberdinetan, kurtsoak eginez eta mintegietan parte hartuz.<\/p>\n<p>Garai honetan Optometria Konportamentala ezagutu zuen eta <strong>\u201cOptometria eta Ikusmen Terapian Master Klinikoa\u201d<\/strong> eginez espezializatu zen, Madrileko \u201cCentro de Optometr\u00eda Internacional\u201den.<br \/> Benetako pazienteekin lan egin zuen Optometria, Ikusmen Terapia eta Ukipen Lenteak bezalako arloetan. Madrilgo ospital desberdinetan egin zituen praktikak, baita haurtzaindegi eta adimen ezintasuneko zentroetan ikusmen azterketak egin ere.<\/p>\n<p>Erreflexu primitiboetan terapeuta bezala du formakuntza <strong>\u201cIntegraci\u00f3n de reflejos primitivos y TMR\u201d<\/strong> baita <strong>Lateralitatean.<\/strong><\/p>\n<p>Madrilgo \u201cInstituto Nacional de Optomet\u00eda\u201dn 4 urtez lan egin zuen, bertan Ukipen Lente pediatrikoetan eta adaptazio berezietan espezializatuz. Ikusmen terapian lan egin zuen, ikusmen arazoak, haurren ikasketa zailtasunak, garuneko lesioak eta esklerosi anizkoitzeko pertsonak tratatuz.<\/p>\n<p>Madril utzi zuenenean \u201cBegitek\u201d klinika oftalmologikoan eta Osakidetzako \u201cOspital Donostian\u201d lan egin zuen Optometrista Kliniko bezala.<\/p>\n<p>Gaur egun, Leire eta Ainhoa daude Arrasate Optika Optometria Zentruko zuzendaritzan, Optometrista Konportamental gisa lan eginez eta <strong>Gertu Osasun Zentruan<\/strong> barne daude baita ere disziplina anitzeko taldea osatzen.<\/p>\n<p>&nbsp;<\/p>\n<p>Biak <strong>\u201cCOI Ikusmen Fundaziokoak\u201d<\/strong> dira; Fundazio horren egitekoa da ikus osasuna zabaltzea eta optometriako ikerlanak sustatu eta garatzea.<\/p>\n<p>Baita <strong>Sociedad Internacional de Optometr\u00eda del Desarrollo y el Comportamient<\/strong>o (<strong>SIODEC<\/strong>) kide dira.<\/p>\n<p>&nbsp;<\/p>\n<p>[\/et_pb_text][\/et_pb_column][\/et_pb_row][\/et_pb_section][et_pb_section fb_built=&#8221;1&#8243; _builder_version=&#8221;3.5.1&#8243; custom_padding=&#8221;40px|0px|41px|0px|false|false&#8221;][et_pb_row _builder_version=&#8221;3.0.47&#8243; background_size=&#8221;initial&#8221; background_position=&#8221;top_left&#8221; background_repeat=&#8221;repeat&#8221;][et_pb_column type=&#8221;1_3&#8243; _builder_version=&#8221;3.0.47&#8243;][et_pb_button button_url=&#8221;https:\/\/www.arrasateoptika.com\/eu\/quienes-somos-ok\/leire-telleria-garai\/&#8221; button_text=&#8221;Leire Telleria&#8221; button_alignment=&#8221;center&#8221; admin_label=&#8221;Button LT&#8221; _builder_version=&#8221;3.21&#8243; button_text_size__hover_enabled=&#8221;off&#8221; button_one_text_size__hover_enabled=&#8221;off&#8221; button_two_text_size__hover_enabled=&#8221;off&#8221; button_text_color__hover_enabled=&#8221;off&#8221; button_one_text_color__hover_enabled=&#8221;off&#8221; button_two_text_color__hover_enabled=&#8221;off&#8221; button_border_width__hover_enabled=&#8221;off&#8221; button_one_border_width__hover_enabled=&#8221;off&#8221; button_two_border_width__hover_enabled=&#8221;off&#8221; button_border_color__hover_enabled=&#8221;off&#8221; button_one_border_color__hover_enabled=&#8221;off&#8221; button_two_border_color__hover_enabled=&#8221;off&#8221; button_border_radius__hover_enabled=&#8221;off&#8221; button_one_border_radius__hover_enabled=&#8221;off&#8221; button_two_border_radius__hover_enabled=&#8221;off&#8221; button_letter_spacing__hover_enabled=&#8221;off&#8221; button_one_letter_spacing__hover_enabled=&#8221;off&#8221; button_two_letter_spacing__hover_enabled=&#8221;off&#8221; button_bg_color__hover_enabled=&#8221;off&#8221; button_one_bg_color__hover_enabled=&#8221;off&#8221; button_two_bg_color__hover_enabled=&#8221;off&#8221;][\/et_pb_button][\/et_pb_column][et_pb_column type=&#8221;1_3&#8243; _builder_version=&#8221;3.0.47&#8243;][et_pb_button button_url=&#8221;https:\/\/www.arrasateoptika.com\/eu\/quienes-somos-ok\/ainhoa-barrenetxea-lazkano\/&#8221; button_text=&#8221;Ainhoa Barrenetxea&#8221; button_alignment=&#8221;center&#8221; admin_label=&#8221;Button AB&#8221; _builder_version=&#8221;3.21&#8243; button_text_size__hover_enabled=&#8221;off&#8221; button_one_text_size__hover_enabled=&#8221;off&#8221; button_two_text_size__hover_enabled=&#8221;off&#8221; button_text_color__hover_enabled=&#8221;off&#8221; button_one_text_color__hover_enabled=&#8221;off&#8221; button_two_text_color__hover_enabled=&#8221;off&#8221; button_border_width__hover_enabled=&#8221;off&#8221; button_one_border_width__hover_enabled=&#8221;off&#8221; button_two_border_width__hover_enabled=&#8221;off&#8221; button_border_color__hover_enabled=&#8221;off&#8221; button_one_border_color__hover_enabled=&#8221;off&#8221; button_two_border_color__hover_enabled=&#8221;off&#8221; button_border_radius__hover_enabled=&#8221;off&#8221; button_one_border_radius__hover_enabled=&#8221;off&#8221; button_two_border_radius__hover_enabled=&#8221;off&#8221; button_letter_spacing__hover_enabled=&#8221;off&#8221; button_one_letter_spacing__hover_enabled=&#8221;off&#8221; button_two_letter_spacing__hover_enabled=&#8221;off&#8221; button_bg_color__hover_enabled=&#8221;off&#8221; button_one_bg_color__hover_enabled=&#8221;off&#8221; button_two_bg_color__hover_enabled=&#8221;off&#8221;][\/et_pb_button][\/et_pb_column][et_pb_column type=&#8221;1_3&#8243; _builder_version=&#8221;3.0.47&#8243;][et_pb_button button_url=&#8221;https:\/\/www.arrasateoptika.com\/eu\/quienes-somos-ok\/ainhoa-lakuesta\/&#8221; button_text=&#8221;Ainhoa Lakuesta&#8221; button_alignment=&#8221;center&#8221; admin_label=&#8221;Button AL&#8221; _builder_version=&#8221;3.21&#8243; button_text_size__hover_enabled=&#8221;off&#8221; button_one_text_size__hover_enabled=&#8221;off&#8221; button_two_text_size__hover_enabled=&#8221;off&#8221; button_text_color__hover_enabled=&#8221;off&#8221; button_one_text_color__hover_enabled=&#8221;off&#8221; button_two_text_color__hover_enabled=&#8221;off&#8221; button_border_width__hover_enabled=&#8221;off&#8221; button_one_border_width__hover_enabled=&#8221;off&#8221; button_two_border_width__hover_enabled=&#8221;off&#8221; button_border_color__hover_enabled=&#8221;off&#8221; button_one_border_color__hover_enabled=&#8221;off&#8221; button_two_border_color__hover_enabled=&#8221;off&#8221; button_border_radius__hover_enabled=&#8221;off&#8221; button_one_border_radius__hover_enabled=&#8221;off&#8221; button_two_border_radius__hover_enabled=&#8221;off&#8221; button_letter_spacing__hover_enabled=&#8221;off&#8221; button_one_letter_spacing__hover_enabled=&#8221;off&#8221; button_two_letter_spacing__hover_enabled=&#8221;off&#8221; button_bg_color__hover_enabled=&#8221;off&#8221; button_one_bg_color__hover_enabled=&#8221;off&#8221; button_two_bg_color__hover_enabled=&#8221;off&#8221;][\/et_pb_button][\/et_pb_column][\/et_pb_row][\/et_pb_section]<\/p>\n","protected":false},"excerpt":{"rendered":"<p>Nortzuk garaNortzuk gara &gt; Leire Teller\u00eda\u00a0LEIRE TELLERIA Optometrista N\u00aaCol.18.134leire@arrasateoptika.com 943 79 25 98Optika eta Optometriako diplomaduna Madrilgo Unibertsitate Konplutentsean. Ikasketak bukatu zituenean, optikako lanekin bateratu zuen bere formakuntza Optometriaren arlo desberdinetan, kurtsoak eginez eta mintegietan parte hartuz. Garai honetan Optometria Konportamentala ezagutu zuen eta \u201cOptometria eta Ikusmen Terapian Master Klinikoa\u201d eginez espezializatu zen, Madrileko \u201cCentro [&hellip;]<\/p>\n","protected":false},"author":3,"featured_media":0,"parent":10661,"menu_order":0,"comment_status":"closed","ping_status":"closed","template":"","meta":{"_et_pb_use_builder":"on","_et_pb_old_content":"<p>\u00a0<\/p><p>LEIRE TELLERIA GARAI<br \/> Optometrista Comportamental<br \/> N\u00aaCol.18.134<\/p><p>Diplomada en <b>\u00d3ptica y Optometr\u00eda por la Universidad Complutense de Madrid<\/b>.<\/p><p>Tras acabar la carrera, compagin\u00f3 su trabajo en \u00f3ptica con la formaci\u00f3n en diferentes campos de la optometr\u00eda, realizando cursos y asistiendo a seminarios.<\/p><p>En ellos conoci\u00f3 la Optometr\u00eda Comportamental y decidi\u00f3 especializarse cursando el <b>\u201cM\u00e1ster Cl\u00ednico en Optometr\u00eda y Terapia Visual\u201d <\/b>en el Centro de Optometr\u00eda Internacional de Madrid.<br \/> Trabaj\u00f3 con pacientes reales en \u00e1reas tales como Optometr\u00eda,Terapia Visual y Lentes de Contacto.<br \/> Asistio a pr\u00e1cticas en diferentes hospitales de Madrid y realiz\u00f3 examenes visuales en guarderias y centros de discapacitados.<\/p><p>Posteriormente se form\u00f3 como terapeuta en <b>\u201cIntegraci\u00f3n de reflejos primitivos y TMR\u201d<\/b>.<\/p><p>Trabaj\u00f3 4 a\u00f1os en el \u201cInstituto Nacional de Optometr\u00eda\u201d en Madrid. Durante este tiempo se especializ\u00f3 en la adaptaci\u00f3n de lentes de contacto pedi\u00e1tricas y adaptaciones especiales. Se dedic\u00f3 al \u00e1rea de terapia visual para tratar dificultades visuales, problemas de aprendizaje en ni\u00f1os, tratar lesiones cerebrales y a personas con esclerosis m\u00faltiple.<\/p><p>Al abandonar Madrid trabaj\u00f3 en la cl\u00ednica oftalmol\u00f3gica \u201cBegitek\u201d y en el \u201cHospital Donostia de Osakidetza\u201d realizando las labores de optometrista cl\u00ednico.<\/p><p>Actualmente Ainhoa y Leire dirijen Arrasate Optika- Optometria Zentrua desarrollando su actividad profesional como Optometristas Comportamentales.<\/p><p>Ambas pertenecen a la\" Fundaci\u00f3n Visi\u00f3n COI\" dedicada a la divulgaci\u00f3n de la salud visual y al fomento y desarrollo de la investigaci\u00f3n en optometr\u00eda.<\/p><p>[\/column]<\/p><p>[column parallax_bg=\"disabled\" parallax_bg_inertia=\"-0.2\" extended=\"false\" extended_padding=\"true\" background_color=\"\" background_image=\"\" background_repeat=\"\" background_position=\"\" background_size=\"auto\" background_attachment=\"\" vertical_padding_top=\"0\" vertical_padding_bottom=\"0\" more_link=\"\" more_text=\"\" class=\"\" title=\"\" title_type=\"single\" animation=\"none\" width=\"1\/4\" last=\"true\"]<\/p><p>[team_member name=\"Leire Telleria Garai\" position=\"Optometrista Comportamental\" url=\"http:\/\/www.arrasateoptika.com\/quienes-somos\/leire-telleria-garai\/\" email=\"arrasateoptika@euskalnet.net\" phone=\"943 79 25 98\" picture=\"http:\/\/www.arrasateoptika.com\/wp-content\/uploads\/2013\/03\/ainhoa.jpg\" googleplus=\"\" linkedin=\"\" facebook=\"\" twitter=\"\" youtube=\"\" instagram=\"\/\" dribble=\"\/\" vimeo=\"\/\"]<\/p><p>[\/team_member]<\/p><p>[team_member name=\"Ainhoa Barrenetxea Lazkano\" position=\"Optometrista Comportamental\" url=\"http:\/\/www.arrasateoptika.com\/quienes-somos\/ainhoa-barrenetxea-lazkano\/\" email=\"arrasateoptika@euskalnet.net\" phone=\"943 79 25 98\" picture=\"http:\/\/www.arrasateoptika.com\/wp-content\/uploads\/2013\/03\/leire.jpg\" googleplus=\"\" linkedin=\"\" facebook=\"\" twitter=\"\" youtube=\"\" instagram=\"\/\" dribble=\"\/\" vimeo=\"\/\"]<\/p><p>[\/team_member]<\/p><p>[\/column]<\/p>","_et_gb_content_width":"","footnotes":""},"class_list":["post-7941","page","type-page","status-publish","hentry"],"yoast_head":"<!-- This site is optimized with the Yoast SEO plugin v27.4 - https:\/\/yoast.com\/product\/yoast-seo-wordpress\/ -->\n<title>LEIRE TELLERIA - Arrasate Optika<\/title>\n<meta name=\"robots\" content=\"index, follow, max-snippet:-1, max-image-preview:large, max-video-preview:-1\" \/>\n<link rel=\"canonical\" href=\"https:\/\/www.arrasateoptika.com\/eu\/quienes-somos-ok\/leire-telleria-garai\/\" \/>\n<meta property=\"og:locale\" content=\"en_US\" \/>\n<meta property=\"og:type\" content=\"article\" \/>\n<meta property=\"og:title\" content=\"LEIRE TELLERIA - Arrasate Optika\" \/>\n<meta property=\"og:description\" content=\"Nortzuk garaNortzuk gara &gt; Leire Teller\u00eda\u00a0LEIRE TELLERIA Optometrista N\u00aaCol.18.134leire@arrasateoptika.com 943 79 25 98Optika eta Optometriako diplomaduna Madrilgo Unibertsitate Konplutentsean. Ikasketak bukatu zituenean, optikako lanekin bateratu zuen bere formakuntza Optometriaren arlo desberdinetan, kurtsoak eginez eta mintegietan parte hartuz. Garai honetan Optometria Konportamentala ezagutu zuen eta \u201cOptometria eta Ikusmen Terapian Master Klinikoa\u201d eginez espezializatu zen, Madrileko \u201cCentro [&hellip;]\" \/>\n<meta property=\"og:url\" content=\"https:\/\/www.arrasateoptika.com\/eu\/quienes-somos-ok\/leire-telleria-garai\/\" \/>\n<meta property=\"og:site_name\" content=\"Arrasate Optika\" \/>\n<meta property=\"article:publisher\" content=\"https:\/\/www.facebook.com\/arrasateoptikaoptometria\/\" \/>\n<meta property=\"article:modified_time\" content=\"2020-02-07T12:02:37+00:00\" \/>\n<meta name=\"twitter:label1\" content=\"Est. reading time\" \/>\n\t<meta name=\"twitter:data1\" content=\"6 minutua\" \/>\n<script type=\"application\/ld+json\" class=\"yoast-schema-graph\">{\"@context\":\"https:\\\/\\\/schema.org\",\"@graph\":[{\"@type\":\"WebPage\",\"@id\":\"https:\\\/\\\/www.arrasateoptika.com\\\/eu\\\/quienes-somos-ok\\\/leire-telleria-garai\\\/\",\"url\":\"https:\\\/\\\/www.arrasateoptika.com\\\/eu\\\/quienes-somos-ok\\\/leire-telleria-garai\\\/\",\"name\":\"LEIRE TELLERIA - Arrasate Optika\",\"isPartOf\":{\"@id\":\"https:\\\/\\\/www.arrasateoptika.com\\\/#website\"},\"datePublished\":\"2014-07-16T07:32:04+00:00\",\"dateModified\":\"2020-02-07T12:02:37+00:00\",\"breadcrumb\":{\"@id\":\"https:\\\/\\\/www.arrasateoptika.com\\\/eu\\\/quienes-somos-ok\\\/leire-telleria-garai\\\/#breadcrumb\"},\"inLanguage\":\"eu\",\"potentialAction\":[{\"@type\":\"ReadAction\",\"target\":[\"https:\\\/\\\/www.arrasateoptika.com\\\/eu\\\/quienes-somos-ok\\\/leire-telleria-garai\\\/\"]}]},{\"@type\":\"BreadcrumbList\",\"@id\":\"https:\\\/\\\/www.arrasateoptika.com\\\/eu\\\/quienes-somos-ok\\\/leire-telleria-garai\\\/#breadcrumb\",\"itemListElement\":[{\"@type\":\"ListItem\",\"position\":1,\"name\":\"Portada\",\"item\":\"https:\\\/\\\/www.arrasateoptika.com\\\/eu\\\/home-5\\\/\"},{\"@type\":\"ListItem\",\"position\":2,\"name\":\"Nortzuk gara\",\"item\":\"https:\\\/\\\/www.arrasateoptika.com\\\/eu\\\/quienes-somos-ok\\\/\"},{\"@type\":\"ListItem\",\"position\":3,\"name\":\"LEIRE TELLERIA\"}]},{\"@type\":\"WebSite\",\"@id\":\"https:\\\/\\\/www.arrasateoptika.com\\\/#website\",\"url\":\"https:\\\/\\\/www.arrasateoptika.com\\\/\",\"name\":\"Arrasate Optika\",\"description\":\"Optika  y optometr\u00eda\",\"potentialAction\":[{\"@type\":\"SearchAction\",\"target\":{\"@type\":\"EntryPoint\",\"urlTemplate\":\"https:\\\/\\\/www.arrasateoptika.com\\\/?s={search_term_string}\"},\"query-input\":{\"@type\":\"PropertyValueSpecification\",\"valueRequired\":true,\"valueName\":\"search_term_string\"}}],\"inLanguage\":\"eu\"}]}<\/script>\n<!-- \/ Yoast SEO plugin. -->","yoast_head_json":{"title":"LEIRE TELLERIA - Arrasate Optika","robots":{"index":"index","follow":"follow","max-snippet":"max-snippet:-1","max-image-preview":"max-image-preview:large","max-video-preview":"max-video-preview:-1"},"canonical":"https:\/\/www.arrasateoptika.com\/eu\/quienes-somos-ok\/leire-telleria-garai\/","og_locale":"en_US","og_type":"article","og_title":"LEIRE TELLERIA - Arrasate Optika","og_description":"Nortzuk garaNortzuk gara &gt; Leire Teller\u00eda\u00a0LEIRE TELLERIA Optometrista N\u00aaCol.18.134leire@arrasateoptika.com 943 79 25 98Optika eta Optometriako diplomaduna Madrilgo Unibertsitate Konplutentsean. Ikasketak bukatu zituenean, optikako lanekin bateratu zuen bere formakuntza Optometriaren arlo desberdinetan, kurtsoak eginez eta mintegietan parte hartuz. Garai honetan Optometria Konportamentala ezagutu zuen eta \u201cOptometria eta Ikusmen Terapian Master Klinikoa\u201d eginez espezializatu zen, Madrileko \u201cCentro [&hellip;]","og_url":"https:\/\/www.arrasateoptika.com\/eu\/quienes-somos-ok\/leire-telleria-garai\/","og_site_name":"Arrasate Optika","article_publisher":"https:\/\/www.facebook.com\/arrasateoptikaoptometria\/","article_modified_time":"2020-02-07T12:02:37+00:00","twitter_misc":{"Est. reading time":"6 minutua"},"schema":{"@context":"https:\/\/schema.org","@graph":[{"@type":"WebPage","@id":"https:\/\/www.arrasateoptika.com\/eu\/quienes-somos-ok\/leire-telleria-garai\/","url":"https:\/\/www.arrasateoptika.com\/eu\/quienes-somos-ok\/leire-telleria-garai\/","name":"LEIRE TELLERIA - Arrasate Optika","isPartOf":{"@id":"https:\/\/www.arrasateoptika.com\/#website"},"datePublished":"2014-07-16T07:32:04+00:00","dateModified":"2020-02-07T12:02:37+00:00","breadcrumb":{"@id":"https:\/\/www.arrasateoptika.com\/eu\/quienes-somos-ok\/leire-telleria-garai\/#breadcrumb"},"inLanguage":"eu","potentialAction":[{"@type":"ReadAction","target":["https:\/\/www.arrasateoptika.com\/eu\/quienes-somos-ok\/leire-telleria-garai\/"]}]},{"@type":"BreadcrumbList","@id":"https:\/\/www.arrasateoptika.com\/eu\/quienes-somos-ok\/leire-telleria-garai\/#breadcrumb","itemListElement":[{"@type":"ListItem","position":1,"name":"Portada","item":"https:\/\/www.arrasateoptika.com\/eu\/home-5\/"},{"@type":"ListItem","position":2,"name":"Nortzuk gara","item":"https:\/\/www.arrasateoptika.com\/eu\/quienes-somos-ok\/"},{"@type":"ListItem","position":3,"name":"LEIRE TELLERIA"}]},{"@type":"WebSite","@id":"https:\/\/www.arrasateoptika.com\/#website","url":"https:\/\/www.arrasateoptika.com\/","name":"Arrasate Optika","description":"Optika  y optometr\u00eda","potentialAction":[{"@type":"SearchAction","target":{"@type":"EntryPoint","urlTemplate":"https:\/\/www.arrasateoptika.com\/?s={search_term_string}"},"query-input":{"@type":"PropertyValueSpecification","valueRequired":true,"valueName":"search_term_string"}}],"inLanguage":"eu"}]}},"_links":{"self":[{"href":"https:\/\/www.arrasateoptika.com\/eu\/wp-json\/wp\/v2\/pages\/7941","targetHints":{"allow":["GET"]}}],"collection":[{"href":"https:\/\/www.arrasateoptika.com\/eu\/wp-json\/wp\/v2\/pages"}],"about":[{"href":"https:\/\/www.arrasateoptika.com\/eu\/wp-json\/wp\/v2\/types\/page"}],"author":[{"embeddable":true,"href":"https:\/\/www.arrasateoptika.com\/eu\/wp-json\/wp\/v2\/users\/3"}],"replies":[{"embeddable":true,"href":"https:\/\/www.arrasateoptika.com\/eu\/wp-json\/wp\/v2\/comments?post=7941"}],"version-history":[{"count":25,"href":"https:\/\/www.arrasateoptika.com\/eu\/wp-json\/wp\/v2\/pages\/7941\/revisions"}],"predecessor-version":[{"id":11693,"href":"https:\/\/www.arrasateoptika.com\/eu\/wp-json\/wp\/v2\/pages\/7941\/revisions\/11693"}],"up":[{"embeddable":true,"href":"https:\/\/www.arrasateoptika.com\/eu\/wp-json\/wp\/v2\/pages\/10661"}],"wp:attachment":[{"href":"https:\/\/www.arrasateoptika.com\/eu\/wp-json\/wp\/v2\/media?parent=7941"}],"curies":[{"name":"wp","href":"https:\/\/api.w.org\/{rel}","templated":true}]}}