{"id":7636,"date":"2014-07-08T15:29:34","date_gmt":"2014-07-08T15:29:34","guid":{"rendered":"http:\/\/www.arrasateoptika.com\/?page_id=7636"},"modified":"2019-05-10T09:32:32","modified_gmt":"2019-05-10T09:32:32","slug":"terapia-visual-arrasate-mondragon","status":"publish","type":"page","link":"https:\/\/www.arrasateoptika.com\/eu\/que-hacemos\/terapia-visual-arrasate-mondragon\/","title":{"rendered":"Ikusmen terapia"},"content":{"rendered":"<p>[et_pb_section fb_built=&#8221;1&#8243; admin_label=&#8221;Hero Section&#8221; _builder_version=&#8221;3.0.106&#8243; use_background_color_gradient=&#8221;on&#8221; background_color_gradient_start=&#8221;#a055a3&#8243; background_color_gradient_end=&#8221;#22e39d&#8221; background_color_gradient_direction=&#8221;105deg&#8221; custom_padding=&#8221;60px|0px|60px|0px&#8221;][et_pb_row _builder_version=&#8221;3.0.47&#8243; background_size=&#8221;initial&#8221; background_position=&#8221;top_left&#8221; background_repeat=&#8221;repeat&#8221;][et_pb_column type=&#8221;4_4&#8243; _builder_version=&#8221;3.0.47&#8243;][et_pb_text _builder_version=&#8221;3.0.106&#8243; text_font=&#8221;Poppins||||||||&#8221; text_text_color=&#8221;rgba(255,255,255,0.8)&#8221; text_font_size=&#8221;18px&#8221; text_line_height=&#8221;1.8em&#8221; header_font=&#8221;Poppins|600|||||||&#8221; header_text_color=&#8221;#ffffff&#8221; header_font_size=&#8221;48px&#8221; header_line_height=&#8221;1.4em&#8221; header_3_font=&#8221;Poppins|600|||||||&#8221; header_3_font_size=&#8221;36px&#8221; header_3_line_height=&#8221;1.4em&#8221; background_layout=&#8221;dark&#8221; max_width=&#8221;600px&#8221; module_alignment=&#8221;left&#8221; custom_margin=&#8221;|||&#8221; locked=&#8221;off&#8221;]<\/p>\n<h1>Ikusmen terapia\u00a0<\/h1>\n<p>Zer egiten dugu?<\/p>\n<p>[\/et_pb_text][\/et_pb_column][\/et_pb_row][\/et_pb_section][et_pb_section fb_built=&#8221;1&#8243; _builder_version=&#8221;3.0.47&#8243;][et_pb_row _builder_version=&#8221;3.0.47&#8243; background_size=&#8221;initial&#8221; background_position=&#8221;top_left&#8221; background_repeat=&#8221;repeat&#8221;][et_pb_column type=&#8221;4_4&#8243; _builder_version=&#8221;3.0.47&#8243;][et_pb_text _builder_version=&#8221;3.0.89&#8243; text_font=&#8221;||||||||&#8221; header_font=&#8221;||||||||&#8221; header_3_font=&#8221;Poppins|600|||||||&#8221; header_3_text_color=&#8221;#44d89e&#8221; header_3_font_size=&#8221;36px&#8221; header_3_line_height=&#8221;1.4em&#8221;]<\/p>\n<h3>Ikusmen terapia<\/h3>\n<p>[\/et_pb_text][\/et_pb_column][\/et_pb_row][et_pb_row custom_padding=&#8221;20.1333px|0px|0|0px|false|false&#8221; _builder_version=&#8221;3.0.47&#8243; background_size=&#8221;initial&#8221; background_position=&#8221;top_left&#8221; background_repeat=&#8221;repeat&#8221;][et_pb_column type=&#8221;1_2&#8243; _builder_version=&#8221;3.0.47&#8243;][et_pb_text _builder_version=&#8221;3.21&#8243; text_font=&#8221;Open Sans||||||||&#8221; text_text_color=&#8221;#486066&#8243; text_font_size=&#8221;15px&#8221; text_line_height=&#8221;1.8em&#8221; custom_margin=&#8221;||60px|&#8221;]<\/p>\n<p>Kasu batzuk daude non betaurreko edo ukipen lenteen erabilera ez den irtenbidea egon daitezkeen ikumen arazoei. Kasu hauetan, patologia ez denean arazoaren arrazoia, ikusmen terapia oso eraginkorra izan daiteke.<\/p>\n<h3><span>\u00a0<\/span><\/h3>\n<p>Ariketa jakin batzuk ia egunero eginez, garunari modu egokian ikusten irakasten zaio. Ikusmena, katamarrean edo oinezean ikasten den bezala, ikasprozesu bat baita. Ariketa hauek egiten dutena da konexio neurologiko berriak sortu, garunari berriro irakasteko. Horrela, <strong>ikusmen trebetasunak hobetzea lortuko dugu eta ikusmen sistemak modu eraginkorragoan funtzionatu dezan.<\/strong><\/p>\n<p><strong>\u00a0<\/strong><\/p>\n<p>&nbsp;<\/p>\n<p>&nbsp;<\/p>\n<p style=\"text-align: left;\">\n<p>[\/et_pb_text][\/et_pb_column][et_pb_column type=&#8221;1_2&#8243; _builder_version=&#8221;3.0.47&#8243;][et_pb_image src=&#8221;http:\/\/www.arrasateoptika.com\/wp-content\/uploads\/2014\/09\/terapia_visual.3.png&#8221; _builder_version=&#8221;3.0.106&#8243; animation_style=&#8221;fade&#8221;]&nbsp;<\/p>\n<p style=\"text-align: left;\">[\/et_pb_image][\/et_pb_column][\/et_pb_row][et_pb_row _builder_version=&#8221;3.0.47&#8243; background_size=&#8221;initial&#8221; background_position=&#8221;top_left&#8221; background_repeat=&#8221;repeat&#8221;][et_pb_column type=&#8221;4_4&#8243; _builder_version=&#8221;3.0.47&#8243;][et_pb_testimonial quote_icon_color=&#8221;#963ba9&#8243; _builder_version=&#8221;3.2&#8243; body_text_color=&#8221;#888889&#8243; body_line_height=&#8221;1.7em&#8221; custom_padding=&#8221;53px|||&#8221; saved_tabs=&#8221;all&#8221;]<\/p>\n<h3>Ikusmena jaiotzen zaren unetik ikasi eta garatzen da; berdin gertatzen da umeak oinez ibiltzen ikasten duenean eta garapen batetik pasatzen denean, ikusmen informazioa interpretatzen ere ikasten du<\/h3>\n<p>[\/et_pb_testimonial][\/et_pb_column][\/et_pb_row][et_pb_row custom_padding=&#8221;104px|0px|20.1333px|0px|false|false&#8221; _builder_version=&#8221;3.0.47&#8243; background_size=&#8221;initial&#8221; background_position=&#8221;top_left&#8221; background_repeat=&#8221;repeat&#8221;][et_pb_column type=&#8221;4_4&#8243; _builder_version=&#8221;3.0.47&#8243;][et_pb_text _builder_version=&#8221;3.0.106&#8243; header_text_align=&#8221;center&#8221; header_3_font=&#8221;Poppins|600|||||||&#8221; header_3_text_color=&#8221;#44d89e&#8221; header_3_font_size=&#8221;36px&#8221; header_3_line_height=&#8221;1.4em&#8221; text_orientation=&#8221;center&#8221; saved_tabs=&#8221;all&#8221;]<\/p>\n<h3>Zer hobetu dezakegu ikusmen terapiaz?<\/h3>\n<p>&nbsp;<\/p>\n<ul>\n<li style=\"text-align: left;\">Ikusmen binokularreko arazoak<\/li>\n<li style=\"text-align: left;\">Miopia kontrola, hura geldiarazteko<\/li>\n<li style=\"text-align: left;\">Estrabismoa<\/li>\n<li style=\"text-align: left;\">Anbliopia (begi nagia)<\/li>\n<li style=\"text-align: left;\">Egokitzearen edo akomodazioaren disfuntzioak (enfokatzeko gaitasuna)<\/li>\n<li style=\"text-align: left;\">Begi mugikortasun txarra<\/li>\n<li style=\"text-align: left;\">Ikusmen binokularra eta estereoan ikusteko gaitasuna (3D)<\/li>\n<li style=\"text-align: left;\">Ikasteko arazoak, eskolako zailtasunak<\/li>\n<li style=\"text-align: left;\">Garuneko lesioek edo gaitasun batek sortutako ikusmen arazoak<\/li>\n<li style=\"text-align: left;\">Deserosotasun sintomak edo ikusmen nekearen sintomak, lan batek sortuak, adibidez, ordenagailuko pantaila batek<\/li>\n<li style=\"text-align: left;\">Ikusmen trebetasun onak izan arren, pertsona batzuek hobetu egin nahi dituzte, lanean behar dutelako (eliteko kirolariak, oposiziogileak, irakurketa azkarra\u2026)<\/li>\n<\/ul>\n<p style=\"text-align: left;\">\n<p>[\/et_pb_text][\/et_pb_column][\/et_pb_row][\/et_pb_section]<\/p>\n","protected":false},"excerpt":{"rendered":"<p>Ikusmen terapia\u00a0 Zer egiten dugu?Ikusmen terapiaKasu batzuk daude non betaurreko edo ukipen lenteen erabilera ez den irtenbidea egon daitezkeen ikumen arazoei. Kasu hauetan, patologia ez denean arazoaren arrazoia, ikusmen terapia oso eraginkorra izan daiteke. \u00a0 Ariketa jakin batzuk ia egunero eginez, garunari modu egokian ikusten irakasten zaio. Ikusmena, katamarrean edo oinezean ikasten den bezala, ikasprozesu [&hellip;]<\/p>\n","protected":false},"author":2,"featured_media":0,"parent":11074,"menu_order":0,"comment_status":"closed","ping_status":"closed","template":"","meta":{"_et_pb_use_builder":"on","_et_pb_old_content":"<p><a href=\"http:\/\/www.arrasateoptika.com\/tratamientos\/\"> < Volver a los tratamientos<\/a><\/p><h3>Terapia visual<\/h3><p>Realizamos Terapia visual en Arrasate, Mondrag\u00f3n. Cuando hablamos de \u201cvisi\u00f3n\u201d nos referimos al conjunto de los dos ojos que son capaces de percibir y procesar la informaci\u00f3n. As\u00ed el cerebro es capaz de obtener un significado de\u00a0 lo que ve.<\/p><p>La manera en que vemos es imprescindible los primeros a\u00f1os de vida, por ello es tan importante una detecci\u00f3n temprana de cualquier dificultad visual. Para ello se utilizan las t\u00e9cnicas de terapia visual.<\/p><p>[column parallax_bg=\"disabled\" parallax_bg_inertia=\"-0.2\" extended=\"\" extended_padding=\"1\" background_color=\"\" background_image=\"\" background_repeat=\"\" background_position=\"\" background_size=\"auto\" background_attachment=\"\" vertical_padding_top=\"0\" vertical_padding_bottom=\"0\" more_link=\"\" more_text=\"\" class=\"\" title=\"\" title_type=\"single\" animation=\"none\" width=\"2\/5\"]<\/p>[caption id=\"attachment_8394\" align=\"alignnone\" width=\"300\"]<a href=\"http:\/\/www.arrasateoptika.com\/wp-content\/uploads\/2014\/09\/terapia_visual.3.png\"><img class=\"wp-image-8394 size-full\" src=\"http:\/\/www.arrasateoptika.com\/wp-content\/uploads\/2014\/09\/terapia_visual.3.png\" alt=\"Terapia Visual Guip\u00fazcoa\" width=\"300\" height=\"262\" \/><\/a> Terapia Visual Guip\u00fazcoa[\/caption]<p>[\/column]<\/p><p>[column parallax_bg=\"disabled\" parallax_bg_inertia=\"-0.2\" extended=\"\" extended_padding=\"1\" background_color=\"\" background_image=\"\" background_repeat=\"\" background_position=\"\" background_size=\"auto\" background_attachment=\"\" vertical_padding_top=\"0\" vertical_padding_bottom=\"0\" more_link=\"\" more_text=\"\" class=\"\" title=\"\" title_type=\"single\" animation=\"none\" width=\"3\/5\" last=\"true\"]<\/p><blockquote><p>La visi\u00f3n se aprende y se desarrolla desde el nacimiento, al igual que el ni\u00f1o aprende a andar y pasa por un desarrollo, tambi\u00e9n aprende a interpretar la informaci\u00f3n visual.<\/p><\/blockquote><p>[\/column]<\/p><p>[column parallax_bg=\"disabled\" parallax_bg_inertia=\"-0.2\" extended=\"\" extended_padding=\"1\" background_color=\"\" background_image=\"\" background_repeat=\"\" background_position=\"\" background_size=\"auto\" background_attachment=\"\" vertical_padding_top=\"0\" vertical_padding_bottom=\"0\" more_link=\"\" more_text=\"\" class=\"\" title=\"\" title_type=\"single\" animation=\"none\" width=\"1\/1\" last=\"true\"]<\/p><p>[list style=\"theme-radio-unchecked\" color=\"accent2\"]<\/p><p>En caso de tener alguna dificultad en la visi\u00f3n, podr\u00edan estar afectados aspectos tan importantes como la capacidad de una lectura eficaz, buen desarrollo de la lateralidad, coordinaci\u00f3n corporal, dificultades de aprendizaje e incluso sociales.<\/p><h3>\u00bfQu\u00e9 es la terapia visual?<\/h3><p>[list style=\"theme-radio-unchecked\" color=\"accent2\"]<\/p><p>Hay veces que el uso de gafas o lentes de contacto no es la soluci\u00f3n a los problemas visuales.<br \/> Es en estos casos, siempre que una patolog\u00eda no sea la causa, \u00a0la Terapia Visual puede ser efectiva.<br \/> Mediante ejercicios que se deben hacer casi a diario se pretende ense\u00f1ar al cerebro a ver correctamente, puesto que\u00a0la visi\u00f3n al igual que el gatear o caminar es un proceso de aprendizaje.<\/p><p>Con los ejercicios de terapia visual lo que se consigue es crear nuevas conexiones neurol\u00f3gicas para reeducar al cerebro. As\u00ed conseguimos mejorar las habilidades visuales y hacer que el sistema visual funcione de una manera m\u00e1s eficaz.<\/p><h3>\u00bfQu\u00e9 se puede mejorar con terapia visual?<\/h3><ul><li>Problemas en la visi\u00f3n binocular<\/li><li>Control de miop\u00eda para frenarla<\/li><li>Estrabismo<\/li><li>Ambliop\u00eda (ojo vago)<\/li><li>Disfunciones de la acomodaci\u00f3n (capacidad de enfoque)<\/li><li>Mala mobilidad ocular<\/li><li>Visi\u00f3n binocular y capacidad para ver en est\u00e9reo (3D)<\/li><li>Problemas de aprendizaje, dificultades escolares<\/li><li>Problemas visuales producidos por lesiones cerebrales o enfermedad<\/li><li>S\u00edntomas de incomodidad o fatiga visual, causados por su trabajo, por ejemplo una pantalla de ordenador<\/li><li>Personas que a\u00fan teniendo buenas habilidades visuales deseen mejorarlas por necesidades laborales (deportistas de \u00e9lite, opositores, lectura r\u00e1pida\u2026)<\/li><\/ul><p>[\/list]El programa de terapia visual se elabora dependiendo de lo que haya que tratar y es totalmente personalizado. Para obtener el diagn\u00f3stico, adem\u00e1s de realizar el examen optom\u00e9trico, hay veces que se valora tambi\u00e9n la percepci\u00f3n visual, dominancia, habilidades visuo-espaciales y los reflejos primitivos.<\/p><h3>La Terapia visual en momentos determinados puede ser un alternativa a los logopedas, oftalm\u00f3logos o psicopedagogos ya que la terapia visual puede:<\/h3><ul><li>Tratar la dislexia.<\/li><li>Tratar los problemas de aprendizaje.<\/li><li>Tratar los problemas de lectura.<\/li><\/ul><p>[\/column]<\/p>","_et_gb_content_width":"","footnotes":""},"class_list":["post-7636","page","type-page","status-publish","hentry"],"yoast_head":"<!-- This site is optimized with the Yoast SEO plugin v27.4 - https:\/\/yoast.com\/product\/yoast-seo-wordpress\/ -->\n<title>Terapia visual en Arrasate, Mondrag\u00f3n<\/title>\n<meta name=\"description\" content=\"En Arrasate Optika realizamos Terapia visual. Mediante ejercicios que se deben hacer casi a diario se pretende ense\u00f1ar al cerebro a ver correctamente.\" \/>\n<meta name=\"robots\" content=\"index, follow, max-snippet:-1, max-image-preview:large, max-video-preview:-1\" \/>\n<link rel=\"canonical\" href=\"https:\/\/www.arrasateoptika.com\/eu\/que-hacemos\/terapia-visual-arrasate-mondragon\/\" \/>\n<meta property=\"og:locale\" content=\"en_US\" \/>\n<meta property=\"og:type\" content=\"article\" \/>\n<meta property=\"og:title\" content=\"Terapia visual en Arrasate, Mondrag\u00f3n\" \/>\n<meta property=\"og:description\" content=\"En Arrasate Optika realizamos Terapia visual. Mediante ejercicios que se deben hacer casi a diario se pretende ense\u00f1ar al cerebro a ver correctamente.\" \/>\n<meta property=\"og:url\" content=\"https:\/\/www.arrasateoptika.com\/eu\/que-hacemos\/terapia-visual-arrasate-mondragon\/\" \/>\n<meta property=\"og:site_name\" content=\"Arrasate Optika\" \/>\n<meta property=\"article:publisher\" content=\"https:\/\/www.facebook.com\/arrasateoptikaoptometria\/\" \/>\n<meta property=\"article:modified_time\" content=\"2019-05-10T09:32:32+00:00\" \/>\n<meta name=\"twitter:label1\" content=\"Est. reading time\" \/>\n\t<meta name=\"twitter:data1\" content=\"3 minutua\" \/>\n<script type=\"application\/ld+json\" class=\"yoast-schema-graph\">{\"@context\":\"https:\\\/\\\/schema.org\",\"@graph\":[{\"@type\":\"WebPage\",\"@id\":\"https:\\\/\\\/www.arrasateoptika.com\\\/eu\\\/que-hacemos\\\/terapia-visual-arrasate-mondragon\\\/\",\"url\":\"https:\\\/\\\/www.arrasateoptika.com\\\/eu\\\/que-hacemos\\\/terapia-visual-arrasate-mondragon\\\/\",\"name\":\"Terapia visual en Arrasate, Mondrag\u00f3n\",\"isPartOf\":{\"@id\":\"https:\\\/\\\/www.arrasateoptika.com\\\/#website\"},\"datePublished\":\"2014-07-08T15:29:34+00:00\",\"dateModified\":\"2019-05-10T09:32:32+00:00\",\"description\":\"En Arrasate Optika realizamos Terapia visual. Mediante ejercicios que se deben hacer casi a diario se pretende ense\u00f1ar al cerebro a ver correctamente.\",\"breadcrumb\":{\"@id\":\"https:\\\/\\\/www.arrasateoptika.com\\\/eu\\\/que-hacemos\\\/terapia-visual-arrasate-mondragon\\\/#breadcrumb\"},\"inLanguage\":\"eu\",\"potentialAction\":[{\"@type\":\"ReadAction\",\"target\":[\"https:\\\/\\\/www.arrasateoptika.com\\\/eu\\\/que-hacemos\\\/terapia-visual-arrasate-mondragon\\\/\"]}]},{\"@type\":\"BreadcrumbList\",\"@id\":\"https:\\\/\\\/www.arrasateoptika.com\\\/eu\\\/que-hacemos\\\/terapia-visual-arrasate-mondragon\\\/#breadcrumb\",\"itemListElement\":[{\"@type\":\"ListItem\",\"position\":1,\"name\":\"Portada\",\"item\":\"https:\\\/\\\/www.arrasateoptika.com\\\/eu\\\/home-5\\\/\"},{\"@type\":\"ListItem\",\"position\":2,\"name\":\"Zer egiten dugu\",\"item\":\"https:\\\/\\\/www.arrasateoptika.com\\\/eu\\\/que-hacemos\\\/\"},{\"@type\":\"ListItem\",\"position\":3,\"name\":\"Ikusmen terapia\"}]},{\"@type\":\"WebSite\",\"@id\":\"https:\\\/\\\/www.arrasateoptika.com\\\/#website\",\"url\":\"https:\\\/\\\/www.arrasateoptika.com\\\/\",\"name\":\"Arrasate Optika\",\"description\":\"Optika  y optometr\u00eda\",\"potentialAction\":[{\"@type\":\"SearchAction\",\"target\":{\"@type\":\"EntryPoint\",\"urlTemplate\":\"https:\\\/\\\/www.arrasateoptika.com\\\/?s={search_term_string}\"},\"query-input\":{\"@type\":\"PropertyValueSpecification\",\"valueRequired\":true,\"valueName\":\"search_term_string\"}}],\"inLanguage\":\"eu\"}]}<\/script>\n<!-- \/ Yoast SEO plugin. -->","yoast_head_json":{"title":"Terapia visual en Arrasate, Mondrag\u00f3n","description":"En Arrasate Optika realizamos Terapia visual. Mediante ejercicios que se deben hacer casi a diario se pretende ense\u00f1ar al cerebro a ver correctamente.","robots":{"index":"index","follow":"follow","max-snippet":"max-snippet:-1","max-image-preview":"max-image-preview:large","max-video-preview":"max-video-preview:-1"},"canonical":"https:\/\/www.arrasateoptika.com\/eu\/que-hacemos\/terapia-visual-arrasate-mondragon\/","og_locale":"en_US","og_type":"article","og_title":"Terapia visual en Arrasate, Mondrag\u00f3n","og_description":"En Arrasate Optika realizamos Terapia visual. Mediante ejercicios que se deben hacer casi a diario se pretende ense\u00f1ar al cerebro a ver correctamente.","og_url":"https:\/\/www.arrasateoptika.com\/eu\/que-hacemos\/terapia-visual-arrasate-mondragon\/","og_site_name":"Arrasate Optika","article_publisher":"https:\/\/www.facebook.com\/arrasateoptikaoptometria\/","article_modified_time":"2019-05-10T09:32:32+00:00","twitter_misc":{"Est. reading time":"3 minutua"},"schema":{"@context":"https:\/\/schema.org","@graph":[{"@type":"WebPage","@id":"https:\/\/www.arrasateoptika.com\/eu\/que-hacemos\/terapia-visual-arrasate-mondragon\/","url":"https:\/\/www.arrasateoptika.com\/eu\/que-hacemos\/terapia-visual-arrasate-mondragon\/","name":"Terapia visual en Arrasate, Mondrag\u00f3n","isPartOf":{"@id":"https:\/\/www.arrasateoptika.com\/#website"},"datePublished":"2014-07-08T15:29:34+00:00","dateModified":"2019-05-10T09:32:32+00:00","description":"En Arrasate Optika realizamos Terapia visual. Mediante ejercicios que se deben hacer casi a diario se pretende ense\u00f1ar al cerebro a ver correctamente.","breadcrumb":{"@id":"https:\/\/www.arrasateoptika.com\/eu\/que-hacemos\/terapia-visual-arrasate-mondragon\/#breadcrumb"},"inLanguage":"eu","potentialAction":[{"@type":"ReadAction","target":["https:\/\/www.arrasateoptika.com\/eu\/que-hacemos\/terapia-visual-arrasate-mondragon\/"]}]},{"@type":"BreadcrumbList","@id":"https:\/\/www.arrasateoptika.com\/eu\/que-hacemos\/terapia-visual-arrasate-mondragon\/#breadcrumb","itemListElement":[{"@type":"ListItem","position":1,"name":"Portada","item":"https:\/\/www.arrasateoptika.com\/eu\/home-5\/"},{"@type":"ListItem","position":2,"name":"Zer egiten dugu","item":"https:\/\/www.arrasateoptika.com\/eu\/que-hacemos\/"},{"@type":"ListItem","position":3,"name":"Ikusmen terapia"}]},{"@type":"WebSite","@id":"https:\/\/www.arrasateoptika.com\/#website","url":"https:\/\/www.arrasateoptika.com\/","name":"Arrasate Optika","description":"Optika  y optometr\u00eda","potentialAction":[{"@type":"SearchAction","target":{"@type":"EntryPoint","urlTemplate":"https:\/\/www.arrasateoptika.com\/?s={search_term_string}"},"query-input":{"@type":"PropertyValueSpecification","valueRequired":true,"valueName":"search_term_string"}}],"inLanguage":"eu"}]}},"_links":{"self":[{"href":"https:\/\/www.arrasateoptika.com\/eu\/wp-json\/wp\/v2\/pages\/7636","targetHints":{"allow":["GET"]}}],"collection":[{"href":"https:\/\/www.arrasateoptika.com\/eu\/wp-json\/wp\/v2\/pages"}],"about":[{"href":"https:\/\/www.arrasateoptika.com\/eu\/wp-json\/wp\/v2\/types\/page"}],"author":[{"embeddable":true,"href":"https:\/\/www.arrasateoptika.com\/eu\/wp-json\/wp\/v2\/users\/2"}],"replies":[{"embeddable":true,"href":"https:\/\/www.arrasateoptika.com\/eu\/wp-json\/wp\/v2\/comments?post=7636"}],"version-history":[{"count":21,"href":"https:\/\/www.arrasateoptika.com\/eu\/wp-json\/wp\/v2\/pages\/7636\/revisions"}],"predecessor-version":[{"id":11034,"href":"https:\/\/www.arrasateoptika.com\/eu\/wp-json\/wp\/v2\/pages\/7636\/revisions\/11034"}],"up":[{"embeddable":true,"href":"https:\/\/www.arrasateoptika.com\/eu\/wp-json\/wp\/v2\/pages\/11074"}],"wp:attachment":[{"href":"https:\/\/www.arrasateoptika.com\/eu\/wp-json\/wp\/v2\/media?parent=7636"}],"curies":[{"name":"wp","href":"https:\/\/api.w.org\/{rel}","templated":true}]}}