{"id":7572,"date":"2014-07-07T14:17:00","date_gmt":"2014-07-07T14:17:00","guid":{"rendered":"http:\/\/www.arrasateoptika.com\/?page_id=7572"},"modified":"2015-02-03T11:26:34","modified_gmt":"2015-02-03T11:26:34","slug":"orto-k-tratamenduak","status":"publish","type":"page","link":"https:\/\/www.arrasateoptika.com\/eu\/tratamenduak\/orto-k-tratamenduak\/","title":{"rendered":"Orto-k tratamenduak"},"content":{"rendered":"<p><a href=\"http:\/\/www.arrasateoptika.com\/eu\/tratamenduak\/\">&lt;Tratamenduetara itzuli<\/a><\/p>\n<blockquote><p>Lenteak gauean lo egiteko jartzen dira eta goizean kentzerakoan ikusmen ona izango dugu.<\/p><\/blockquote>\n<p>[divider type=&#8221;1&#8243;] [\/divider] [column parallax_bg=&#8221;disabled&#8221; parallax_bg_inertia=&#8221;-0.2&#8243; extended=&#8221;&#8221; extended_padding=&#8221;1&#8243; background_color=&#8221;&#8221; background_image=&#8221;&#8221; background_repeat=&#8221;&#8221; background_position=&#8221;&#8221; background_size=&#8221;auto&#8221; background_attachment=&#8221;&#8221; vertical_padding_top=&#8221;0&#8243; vertical_padding_bottom=&#8221;0&#8243; more_link=&#8221;&#8221; more_text=&#8221;&#8221; class=&#8221;&#8221; title=&#8221;&#8221; title_type=&#8221;single&#8221; animation=&#8221;none&#8221; width=&#8221;1\/1&#8243; last=&#8221;true&#8221;] [column_1 width=&#8221;1\/4&#8243; title=&#8221;&#8221; title_type=&#8221;single&#8221; animation=&#8221;none&#8221; implicit=&#8221;true&#8221;]<\/p>\n<p><a href=\"https:\/\/www.arrasateoptika.com\/wp-content\/uploads\/2014\/07\/Screen-shot-2014-07-07-at-15.01.46-300x222.png\"><img loading=\"lazy\" decoding=\"async\" class=\"alignnone size-medium wp-image-7544\" src=\"https:\/\/www.arrasateoptika.com\/wp-content\/uploads\/2014\/07\/Screen-shot-2014-07-07-at-15.01.46-300x222.png\" alt=\"Screen shot 2014-07-07 at 15.01.46\" width=\"300\" height=\"222\" srcset=\"https:\/\/www.arrasateoptika.com\/wp-content\/uploads\/2014\/07\/Screen-shot-2014-07-07-at-15.01.46-300x222.png 300w, https:\/\/www.arrasateoptika.com\/wp-content\/uploads\/2014\/07\/Screen-shot-2014-07-07-at-15.01.46-360x267.png 360w, https:\/\/www.arrasateoptika.com\/wp-content\/uploads\/2014\/07\/Screen-shot-2014-07-07-at-15.01.46-262x194.png 262w, https:\/\/www.arrasateoptika.com\/wp-content\/uploads\/2014\/07\/Screen-shot-2014-07-07-at-15.01.46.png 442w\" sizes=\"(max-width: 300px) 100vw, 300px\" \/><\/a>[\/column_1] [column_1 width=&#8221;3\/4&#8243; last=&#8221;true&#8221; title=&#8221;&#8221; title_type=&#8221;single&#8221; animation=&#8221;none&#8221; implicit=&#8221;true&#8221;]<\/p>\n<h4>&#8220;Teknika guztiz itzulgarria da, erabiltzeari uzten zaionean graduazioa berriz bueltatzen da.&#8221;<\/h4>\n<p>Orto-k teknika bat da non ukipen lenteen erabilpenarekin kornean aldaketa bat sortzen dena.<br \/>\nUmeetan arrakasta haundia duen tratamendua da, kirolak egiterako orduan adibidez beraien betaurreko eta ukipen lenteak baztertu ditzakete.<\/p>\n<p>[\/column_1] [\/column] [divider type=&#8221;1&#8243;] [\/divider] [column parallax_bg=&#8221;disabled&#8221; parallax_bg_inertia=&#8221;-0.2&#8243; extended=&#8221;&#8221; extended_padding=&#8221;1&#8243; background_color=&#8221;&#8221; background_image=&#8221;&#8221; background_repeat=&#8221;&#8221; background_position=&#8221;&#8221; background_size=&#8221;auto&#8221; background_attachment=&#8221;&#8221; vertical_padding_top=&#8221;0&#8243; vertical_padding_bottom=&#8221;0&#8243; more_link=&#8221;&#8221; more_text=&#8221;&#8221; class=&#8221;&#8221; title=&#8221;&#8221; title_type=&#8221;single&#8221; animation=&#8221;none&#8221; width=&#8221;1\/1&#8243; last=&#8221;true&#8221;]<\/p>\n<p>[\/column]<\/p>\n","protected":false},"excerpt":{"rendered":"<p>&lt;Tratamenduetara itzuli Lenteak gauean lo egiteko jartzen dira eta goizean kentzerakoan ikusmen ona izango dugu. [divider type=&#8221;1&#8243;] [\/divider] [column parallax_bg=&#8221;disabled&#8221; parallax_bg_inertia=&#8221;-0.2&#8243; extended=&#8221;&#8221; extended_padding=&#8221;1&#8243; background_color=&#8221;&#8221; background_image=&#8221;&#8221; background_repeat=&#8221;&#8221; background_position=&#8221;&#8221; background_size=&#8221;auto&#8221; background_attachment=&#8221;&#8221; vertical_padding_top=&#8221;0&#8243; vertical_padding_bottom=&#8221;0&#8243; more_link=&#8221;&#8221; more_text=&#8221;&#8221; class=&#8221;&#8221; title=&#8221;&#8221; title_type=&#8221;single&#8221; animation=&#8221;none&#8221; width=&#8221;1\/1&#8243; last=&#8221;true&#8221;] [column_1 width=&#8221;1\/4&#8243; title=&#8221;&#8221; title_type=&#8221;single&#8221; animation=&#8221;none&#8221; implicit=&#8221;true&#8221;] [\/column_1] [column_1 width=&#8221;3\/4&#8243; last=&#8221;true&#8221; title=&#8221;&#8221; title_type=&#8221;single&#8221; animation=&#8221;none&#8221; implicit=&#8221;true&#8221;] &#8220;Teknika guztiz [&hellip;]<\/p>\n","protected":false},"author":2,"featured_media":0,"parent":7570,"menu_order":0,"comment_status":"closed","ping_status":"closed","template":"","meta":{"_et_pb_use_builder":"on","_et_pb_old_content":"<p><a href=\"http:\/\/www.arrasateoptika.com\/tratamientos\/\"> < Volver a los tratamientos<\/a><\/p><blockquote><p>Las lentes se colocan por la noche para dormir y se retiran al levantarse, obteniendo buena visi\u00f3n a lo largo de todo el d\u00eda.<\/p><\/blockquote><p>[divider type=\"1\"] [\/divider] [column parallax_bg=\"disabled\" parallax_bg_inertia=\"-0.2\" extended=\"\" extended_padding=\"1\" background_color=\"\" background_image=\"\" background_repeat=\"\" background_position=\"\" background_size=\"auto\" background_attachment=\"\" vertical_padding_top=\"0\" vertical_padding_bottom=\"0\" more_link=\"\" more_text=\"\" class=\"\" title=\"\" title_type=\"single\" animation=\"none\" width=\"1\/1\" last=\"true\"] [column_1 width=\"1\/4\" title=\"\" title_type=\"single\" animation=\"none\" implicit=\"true\"]<\/p><p><a href=\"https:\/\/www.arrasateoptika.com\/wp-content\/uploads\/2014\/07\/Screen-shot-2014-07-07-at-15.01.46-300x222.png\"><img class=\"alignnone size-medium wp-image-7544\" src=\"https:\/\/www.arrasateoptika.com\/wp-content\/uploads\/2014\/07\/Screen-shot-2014-07-07-at-15.01.46-300x222.png\" alt=\"Screen shot 2014-07-07 at 15.01.46\" width=\"300\" height=\"222\" \/><\/a>[\/column_1] [column_1 width=\"3\/4\" last=\"true\" title=\"\" title_type=\"single\" animation=\"none\" implicit=\"true\"]<\/p><h4>\"Se trata de un t\u00e9cnica totalmente reversible.\"<\/h4><p>La Orto-k u ortoqueratolog\u00eda nocturna es una t\u00e9cnica que mediante lentes de contacto permeables a los gases de geometr\u00eda especial se produce un moldeo corneal.<br \/> En ni\u00f1os este tratamiento est\u00e1 siendo muy exitoso ya que les permite practicar deportes y sentirse libres de sus gafas o lentes de contacto.<br \/> [\/column_1] [\/column] [divider type=\"1\"] [\/divider] [column parallax_bg=\"disabled\" parallax_bg_inertia=\"-0.2\" extended=\"\" extended_padding=\"1\" background_color=\"\" background_image=\"\" background_repeat=\"\" background_position=\"\" background_size=\"auto\" background_attachment=\"\" vertical_padding_top=\"0\" vertical_padding_bottom=\"0\" more_link=\"\" more_text=\"\" class=\"\" title=\"\" title_type=\"single\" animation=\"none\" width=\"1\/1\" last=\"true\"]<\/p><p>[\/column]<\/p>","_et_gb_content_width":"","footnotes":""},"class_list":["post-7572","page","type-page","status-publish","hentry"],"yoast_head":"<!-- This site is optimized with the Yoast SEO plugin v27.3 - https:\/\/yoast.com\/product\/yoast-seo-wordpress\/ -->\n<title>Orto-k tratamenduak - Arrasate Optika<\/title>\n<meta name=\"robots\" content=\"index, follow, max-snippet:-1, max-image-preview:large, max-video-preview:-1\" \/>\n<link rel=\"canonical\" href=\"https:\/\/www.arrasateoptika.com\/eu\/tratamenduak\/orto-k-tratamenduak\/\" \/>\n<meta property=\"og:locale\" content=\"en_US\" \/>\n<meta property=\"og:type\" content=\"article\" \/>\n<meta property=\"og:title\" content=\"Orto-k tratamenduak - Arrasate Optika\" \/>\n<meta property=\"og:description\" content=\"&lt;Tratamenduetara itzuli Lenteak gauean lo egiteko jartzen dira eta goizean kentzerakoan ikusmen ona izango dugu. [divider type=&quot;1&quot;] [\/divider] [column parallax_bg=&quot;disabled&quot; parallax_bg_inertia=&quot;-0.2&quot; extended=&quot;&quot; extended_padding=&quot;1&quot; background_color=&quot;&quot; background_image=&quot;&quot; background_repeat=&quot;&quot; background_position=&quot;&quot; background_size=&quot;auto&quot; background_attachment=&quot;&quot; vertical_padding_top=&quot;0&quot; vertical_padding_bottom=&quot;0&quot; more_link=&quot;&quot; more_text=&quot;&quot; class=&quot;&quot; title=&quot;&quot; title_type=&quot;single&quot; animation=&quot;none&quot; width=&quot;1\/1&quot; last=&quot;true&quot;] [column_1 width=&quot;1\/4&quot; title=&quot;&quot; title_type=&quot;single&quot; animation=&quot;none&quot; implicit=&quot;true&quot;] [\/column_1] [column_1 width=&quot;3\/4&quot; last=&quot;true&quot; title=&quot;&quot; title_type=&quot;single&quot; animation=&quot;none&quot; implicit=&quot;true&quot;] &quot;Teknika guztiz [&hellip;]\" \/>\n<meta property=\"og:url\" content=\"https:\/\/www.arrasateoptika.com\/eu\/tratamenduak\/orto-k-tratamenduak\/\" \/>\n<meta property=\"og:site_name\" content=\"Arrasate Optika\" \/>\n<meta property=\"article:publisher\" content=\"https:\/\/www.facebook.com\/arrasateoptikaoptometria\/\" \/>\n<meta property=\"article:modified_time\" content=\"2015-02-03T11:26:34+00:00\" \/>\n<meta property=\"og:image\" content=\"http:\/\/www.arrasateoptika.com\/wp-content\/uploads\/2014\/07\/Screen-shot-2014-07-07-at-15.01.46-300x222.png\" \/>\n<meta name=\"twitter:label1\" content=\"Est. reading time\" \/>\n\t<meta name=\"twitter:data1\" content=\"1 minutua\" \/>\n<script type=\"application\/ld+json\" class=\"yoast-schema-graph\">{\"@context\":\"https:\\\/\\\/schema.org\",\"@graph\":[{\"@type\":\"WebPage\",\"@id\":\"https:\\\/\\\/www.arrasateoptika.com\\\/eu\\\/tratamenduak\\\/orto-k-tratamenduak\\\/\",\"url\":\"https:\\\/\\\/www.arrasateoptika.com\\\/eu\\\/tratamenduak\\\/orto-k-tratamenduak\\\/\",\"name\":\"Orto-k tratamenduak - Arrasate Optika\",\"isPartOf\":{\"@id\":\"https:\\\/\\\/www.arrasateoptika.com\\\/#website\"},\"primaryImageOfPage\":{\"@id\":\"https:\\\/\\\/www.arrasateoptika.com\\\/eu\\\/tratamenduak\\\/orto-k-tratamenduak\\\/#primaryimage\"},\"image\":{\"@id\":\"https:\\\/\\\/www.arrasateoptika.com\\\/eu\\\/tratamenduak\\\/orto-k-tratamenduak\\\/#primaryimage\"},\"thumbnailUrl\":\"https:\\\/\\\/www.arrasateoptika.com\\\/wp-content\\\/uploads\\\/2014\\\/07\\\/Screen-shot-2014-07-07-at-15.01.46-300x222.png\",\"datePublished\":\"2014-07-07T14:17:00+00:00\",\"dateModified\":\"2015-02-03T11:26:34+00:00\",\"breadcrumb\":{\"@id\":\"https:\\\/\\\/www.arrasateoptika.com\\\/eu\\\/tratamenduak\\\/orto-k-tratamenduak\\\/#breadcrumb\"},\"inLanguage\":\"eu\",\"potentialAction\":[{\"@type\":\"ReadAction\",\"target\":[\"https:\\\/\\\/www.arrasateoptika.com\\\/eu\\\/tratamenduak\\\/orto-k-tratamenduak\\\/\"]}]},{\"@type\":\"ImageObject\",\"inLanguage\":\"eu\",\"@id\":\"https:\\\/\\\/www.arrasateoptika.com\\\/eu\\\/tratamenduak\\\/orto-k-tratamenduak\\\/#primaryimage\",\"url\":\"https:\\\/\\\/www.arrasateoptika.com\\\/wp-content\\\/uploads\\\/2014\\\/07\\\/Screen-shot-2014-07-07-at-15.01.46-300x222.png\",\"contentUrl\":\"https:\\\/\\\/www.arrasateoptika.com\\\/wp-content\\\/uploads\\\/2014\\\/07\\\/Screen-shot-2014-07-07-at-15.01.46-300x222.png\"},{\"@type\":\"BreadcrumbList\",\"@id\":\"https:\\\/\\\/www.arrasateoptika.com\\\/eu\\\/tratamenduak\\\/orto-k-tratamenduak\\\/#breadcrumb\",\"itemListElement\":[{\"@type\":\"ListItem\",\"position\":1,\"name\":\"Portada\",\"item\":\"https:\\\/\\\/www.arrasateoptika.com\\\/eu\\\/home-5\\\/\"},{\"@type\":\"ListItem\",\"position\":2,\"name\":\"Tratamenduak\",\"item\":\"https:\\\/\\\/www.arrasateoptika.com\\\/eu\\\/tratamenduak\\\/\"},{\"@type\":\"ListItem\",\"position\":3,\"name\":\"Orto-k tratamenduak\"}]},{\"@type\":\"WebSite\",\"@id\":\"https:\\\/\\\/www.arrasateoptika.com\\\/#website\",\"url\":\"https:\\\/\\\/www.arrasateoptika.com\\\/\",\"name\":\"Arrasate Optika\",\"description\":\"Optika  y optometr\u00eda\",\"potentialAction\":[{\"@type\":\"SearchAction\",\"target\":{\"@type\":\"EntryPoint\",\"urlTemplate\":\"https:\\\/\\\/www.arrasateoptika.com\\\/?s={search_term_string}\"},\"query-input\":{\"@type\":\"PropertyValueSpecification\",\"valueRequired\":true,\"valueName\":\"search_term_string\"}}],\"inLanguage\":\"eu\"}]}<\/script>\n<!-- \/ Yoast SEO plugin. -->","yoast_head_json":{"title":"Orto-k tratamenduak - Arrasate Optika","robots":{"index":"index","follow":"follow","max-snippet":"max-snippet:-1","max-image-preview":"max-image-preview:large","max-video-preview":"max-video-preview:-1"},"canonical":"https:\/\/www.arrasateoptika.com\/eu\/tratamenduak\/orto-k-tratamenduak\/","og_locale":"en_US","og_type":"article","og_title":"Orto-k tratamenduak - Arrasate Optika","og_description":"&lt;Tratamenduetara itzuli Lenteak gauean lo egiteko jartzen dira eta goizean kentzerakoan ikusmen ona izango dugu. [divider type=\"1\"] [\/divider] [column parallax_bg=\"disabled\" parallax_bg_inertia=\"-0.2\" extended=\"\" extended_padding=\"1\" background_color=\"\" background_image=\"\" background_repeat=\"\" background_position=\"\" background_size=\"auto\" background_attachment=\"\" vertical_padding_top=\"0\" vertical_padding_bottom=\"0\" more_link=\"\" more_text=\"\" class=\"\" title=\"\" title_type=\"single\" animation=\"none\" width=\"1\/1\" last=\"true\"] [column_1 width=\"1\/4\" title=\"\" title_type=\"single\" animation=\"none\" implicit=\"true\"] [\/column_1] [column_1 width=\"3\/4\" last=\"true\" title=\"\" title_type=\"single\" animation=\"none\" implicit=\"true\"] \"Teknika guztiz [&hellip;]","og_url":"https:\/\/www.arrasateoptika.com\/eu\/tratamenduak\/orto-k-tratamenduak\/","og_site_name":"Arrasate Optika","article_publisher":"https:\/\/www.facebook.com\/arrasateoptikaoptometria\/","article_modified_time":"2015-02-03T11:26:34+00:00","og_image":[{"url":"http:\/\/www.arrasateoptika.com\/wp-content\/uploads\/2014\/07\/Screen-shot-2014-07-07-at-15.01.46-300x222.png","type":"","width":"","height":""}],"twitter_misc":{"Est. reading time":"1 minutua"},"schema":{"@context":"https:\/\/schema.org","@graph":[{"@type":"WebPage","@id":"https:\/\/www.arrasateoptika.com\/eu\/tratamenduak\/orto-k-tratamenduak\/","url":"https:\/\/www.arrasateoptika.com\/eu\/tratamenduak\/orto-k-tratamenduak\/","name":"Orto-k tratamenduak - Arrasate Optika","isPartOf":{"@id":"https:\/\/www.arrasateoptika.com\/#website"},"primaryImageOfPage":{"@id":"https:\/\/www.arrasateoptika.com\/eu\/tratamenduak\/orto-k-tratamenduak\/#primaryimage"},"image":{"@id":"https:\/\/www.arrasateoptika.com\/eu\/tratamenduak\/orto-k-tratamenduak\/#primaryimage"},"thumbnailUrl":"https:\/\/www.arrasateoptika.com\/wp-content\/uploads\/2014\/07\/Screen-shot-2014-07-07-at-15.01.46-300x222.png","datePublished":"2014-07-07T14:17:00+00:00","dateModified":"2015-02-03T11:26:34+00:00","breadcrumb":{"@id":"https:\/\/www.arrasateoptika.com\/eu\/tratamenduak\/orto-k-tratamenduak\/#breadcrumb"},"inLanguage":"eu","potentialAction":[{"@type":"ReadAction","target":["https:\/\/www.arrasateoptika.com\/eu\/tratamenduak\/orto-k-tratamenduak\/"]}]},{"@type":"ImageObject","inLanguage":"eu","@id":"https:\/\/www.arrasateoptika.com\/eu\/tratamenduak\/orto-k-tratamenduak\/#primaryimage","url":"https:\/\/www.arrasateoptika.com\/wp-content\/uploads\/2014\/07\/Screen-shot-2014-07-07-at-15.01.46-300x222.png","contentUrl":"https:\/\/www.arrasateoptika.com\/wp-content\/uploads\/2014\/07\/Screen-shot-2014-07-07-at-15.01.46-300x222.png"},{"@type":"BreadcrumbList","@id":"https:\/\/www.arrasateoptika.com\/eu\/tratamenduak\/orto-k-tratamenduak\/#breadcrumb","itemListElement":[{"@type":"ListItem","position":1,"name":"Portada","item":"https:\/\/www.arrasateoptika.com\/eu\/home-5\/"},{"@type":"ListItem","position":2,"name":"Tratamenduak","item":"https:\/\/www.arrasateoptika.com\/eu\/tratamenduak\/"},{"@type":"ListItem","position":3,"name":"Orto-k tratamenduak"}]},{"@type":"WebSite","@id":"https:\/\/www.arrasateoptika.com\/#website","url":"https:\/\/www.arrasateoptika.com\/","name":"Arrasate Optika","description":"Optika  y optometr\u00eda","potentialAction":[{"@type":"SearchAction","target":{"@type":"EntryPoint","urlTemplate":"https:\/\/www.arrasateoptika.com\/?s={search_term_string}"},"query-input":{"@type":"PropertyValueSpecification","valueRequired":true,"valueName":"search_term_string"}}],"inLanguage":"eu"}]}},"_links":{"self":[{"href":"https:\/\/www.arrasateoptika.com\/eu\/wp-json\/wp\/v2\/pages\/7572","targetHints":{"allow":["GET"]}}],"collection":[{"href":"https:\/\/www.arrasateoptika.com\/eu\/wp-json\/wp\/v2\/pages"}],"about":[{"href":"https:\/\/www.arrasateoptika.com\/eu\/wp-json\/wp\/v2\/types\/page"}],"author":[{"embeddable":true,"href":"https:\/\/www.arrasateoptika.com\/eu\/wp-json\/wp\/v2\/users\/2"}],"replies":[{"embeddable":true,"href":"https:\/\/www.arrasateoptika.com\/eu\/wp-json\/wp\/v2\/comments?post=7572"}],"version-history":[{"count":13,"href":"https:\/\/www.arrasateoptika.com\/eu\/wp-json\/wp\/v2\/pages\/7572\/revisions"}],"predecessor-version":[{"id":8639,"href":"https:\/\/www.arrasateoptika.com\/eu\/wp-json\/wp\/v2\/pages\/7572\/revisions\/8639"}],"up":[{"embeddable":true,"href":"https:\/\/www.arrasateoptika.com\/eu\/wp-json\/wp\/v2\/pages\/7570"}],"wp:attachment":[{"href":"https:\/\/www.arrasateoptika.com\/eu\/wp-json\/wp\/v2\/media?parent=7572"}],"curies":[{"name":"wp","href":"https:\/\/api.w.org\/{rel}","templated":true}]}}