{"id":7488,"date":"2013-09-01T12:27:42","date_gmt":"2013-09-01T12:27:42","guid":{"rendered":"http:\/\/www.arrasateoptika.com\/?page_id=7488"},"modified":"2019-06-30T15:40:15","modified_gmt":"2019-06-30T15:40:15","slug":"gafas","status":"publish","type":"page","link":"https:\/\/www.arrasateoptika.com\/eu\/que-hacemos\/gafas\/","title":{"rendered":"Optica"},"content":{"rendered":"<p>[et_pb_section fb_built=&#8221;1&#8243; custom_padding_last_edited=&#8221;on|phone&#8221; admin_label=&#8221;Hero Section&#8221; _builder_version=&#8221;3.0.106&#8243; use_background_color_gradient=&#8221;on&#8221; background_color_gradient_start=&#8221;#a055a3&#8243; background_color_gradient_end=&#8221;#22e39d&#8221; background_color_gradient_direction=&#8221;105deg&#8221; custom_padding=&#8221;60px|0px|60px|0px&#8221; custom_padding_phone=&#8221;20px|0px|20px|0px&#8221;][et_pb_row _builder_version=&#8221;3.0.47&#8243; background_size=&#8221;initial&#8221; background_position=&#8221;top_left&#8221; background_repeat=&#8221;repeat&#8221;][et_pb_column type=&#8221;4_4&#8243; _builder_version=&#8221;3.0.47&#8243;][et_pb_text _builder_version=&#8221;3.5.1&#8243; text_font=&#8221;Poppins||||||||&#8221; text_text_color=&#8221;rgba(255,255,255,0.8)&#8221; text_font_size=&#8221;18px&#8221; text_line_height=&#8221;1.8em&#8221; header_font=&#8221;Poppins|600|||||||&#8221; header_text_color=&#8221;#ffffff&#8221; header_font_size=&#8221;48px&#8221; header_font_size_phone=&#8221;20px&#8221; header_font_size_last_edited=&#8221;on|desktop&#8221; header_line_height=&#8221;1.4em&#8221; header_3_font=&#8221;Poppins|600|||||||&#8221; header_3_font_size=&#8221;36px&#8221; header_3_line_height=&#8221;1.4em&#8221; background_layout=&#8221;dark&#8221; max_width=&#8221;600px&#8221; module_alignment=&#8221;left&#8221; custom_margin=&#8221;|||&#8221; locked=&#8221;off&#8221;]<\/p>\n<h1>\u00d3ptiKa<\/h1>\n<p><span style=\"font-weight: 400;\">Zer egiten dugu<\/span><\/p>\n<p>[\/et_pb_text][\/et_pb_column][\/et_pb_row][\/et_pb_section][et_pb_section fb_built=&#8221;1&#8243; _builder_version=&#8221;3.0.106&#8243;][et_pb_row _builder_version=&#8221;3.0.48&#8243; background_size=&#8221;initial&#8221; background_position=&#8221;top_left&#8221; background_repeat=&#8221;repeat&#8221;][et_pb_column type=&#8221;4_4&#8243; _builder_version=&#8221;3.0.47&#8243;][et_pb_blurb title=&#8221;Eguzkitako betaurrekoak&#8221; url=&#8221;https:\/\/www.arrasateoptika.com\/eu\/que-hacemos\/gafas\/gafas-de-sol\/&#8221; use_icon=&#8221;on&#8221; font_icon=&#8221;%%24%%&#8221; icon_placement=&#8221;left&#8221; use_icon_font_size=&#8221;on&#8221; admin_label=&#8221;gafas de sol&#8221; _builder_version=&#8221;3.21&#8243;][\/et_pb_blurb][et_pb_blurb title=&#8221;Graduatutako betaurrekoak&#8221; url=&#8221;https:\/\/www.arrasateoptika.com\/eu\/que-hacemos\/gafas\/gafas-de-graduado\/&#8221; use_icon=&#8221;on&#8221; font_icon=&#8221;%%24%%&#8221; icon_placement=&#8221;left&#8221; admin_label=&#8221;gafas graduado&#8221; _builder_version=&#8221;3.21&#8243;][\/et_pb_blurb][et_pb_blurb title=&#8221;Lente oftalmikoak&#8221; url=&#8221;https:\/\/www.arrasateoptika.com\/eu\/que-hacemos\/gafas\/lentes-oftalmicas\/&#8221; use_icon=&#8221;on&#8221; font_icon=&#8221;%%24%%&#8221; icon_placement=&#8221;left&#8221; admin_label=&#8221;lentes oft\u00e1lmicas&#8221; _builder_version=&#8221;3.21&#8243;][\/et_pb_blurb][et_pb_blurb title=&#8221;Ukipen lenteak&#8221; url=&#8221;https:\/\/www.arrasateoptika.com\/eu\/que-hacemos\/gafas\/lentes-de-contacto\/&#8221; use_icon=&#8221;on&#8221; font_icon=&#8221;%%24%%&#8221; icon_placement=&#8221;left&#8221; admin_label=&#8221;L contacto&#8221; _builder_version=&#8221;3.21&#8243;][\/et_pb_blurb][\/et_pb_column][\/et_pb_row][\/et_pb_section]<\/p>\n","protected":false},"excerpt":{"rendered":"<p>\u00d3ptiKa Zer egiten dugu<\/p>\n","protected":false},"author":2,"featured_media":0,"parent":11074,"menu_order":0,"comment_status":"closed","ping_status":"closed","template":"","meta":{"_et_pb_use_builder":"on","_et_pb_old_content":"<blockquote><p>Trabajamos con todo estilo de gafas.<\/p><\/blockquote><p><img class=\"alignleft wp-image-6290\" src=\"http:\/\/www.arrasateoptika.com\/wp-content\/uploads\/2014\/05\/gafas-graduadas.jpg\" alt=\"woman-vert\" \/><\/p><h3>Gafas graduadas<\/h3><p>Creemos que la gafa no solo es un elemento para compensar una deficiencia visual, sino tambi\u00e9n un complemento de estilo, que imprime car\u00e1cter y forma parte de la personalidad del que la lleva.<\/p><p>\u00a0<\/p><p>\u00a0<\/p><p><img class=\"alignleft wp-image-6290\" src=\"http:\/\/www.arrasateoptika.com\/wp-content\/uploads\/2014\/05\/gafas-seguridad.jpg\" alt=\"woman-vert\" \/><\/p><h3>Gafas de seguridad<\/h3><p>Tambi\u00e9n disponemos de gafas de seguridad, tanto sin graduar como graduadas (miop\u00eda hipermetrop\u00eda, astigmatismo, lentes progresivas, bifocales)<\/p><p>Trabajamos con la empresa Medop, fabricantes de equipos de protecci\u00f3n individual (EPIs)que llevan m\u00e1s de 50 a\u00f1os trabajando por la seguridad del trabajador.<\/p><p>Todos los productos con Certificaci\u00f3n CE homologados por los Organismos Europeos competentes (UNE-166). Sistema de gesti\u00f3n reconocido con la Norma ISO-9001.2008 resultado del Compromiso de Medop con la calidad.<\/p><p>\u00a0<\/p><p><img class=\"alignleft wp-image-6290\" src=\"http:\/\/www.arrasateoptika.com\/wp-content\/uploads\/2014\/05\/gafas-sol.jpg\" alt=\"woman-vert\" \/><\/p><h3>Gafas de sol<\/h3><p>Las gafas de sol tienen una misi\u00f3n m\u00e1s importante que favorecerte: protegerte de las radiaciones solares.<\/p><p>Los rayos UV pueden causar alteraciones cancer\u00edgenas en la c\u00f3rnea y la conjuntiva, y provocar la aparici\u00f3n de cataratas. Y en la playa o la monta\u00f1a, los mecanismos de defensa naturales del sol pueden resultar insuficientes. Si no cuentas con unos buenos filtros, la pupila se dilata y permite que entre todav\u00eda m\u00e1s radiaci\u00f3n de lo normal. O sea, que es mejor no llevar gafas de sol que llevar unas malas.<\/p><p>Por eso te recomendamos que sea un especialista quien te aconseje sobre las gafas que mejor te sientan a ti, y a tus ojos.<\/p><p>En nuestro Centro ARRASATE OPTIKA disponemos de monturas de las marcas mas prestigiosas como:<\/p><p><a title=\"OXIBIS\" href=\"http:\/\/www.oxibis.com\/en\/\" target=\"_blank\" rel=\"noopener\">OXIBIS<\/a>, <a title=\"EXALTO\" href=\"http:\/\/www.exalto.fr\/es\/\" target=\"_blank\" rel=\"noopener\">EXALTO<\/a>, <a title=\"ETNIA BARCELONA\" href=\"http:\/\/www.etniabarcelona.com\/\" target=\"_blank\" rel=\"noopener\">ETNIA BARCELONA<\/a>, <a title=\"\u00d6GA\" href=\"http:\/\/www.morel-france.com\/en\/OGA-Men_Eyewear_with_a_Functional_Design-45.html\" target=\"_blank\" rel=\"noopener\">OGA<\/a>, <a title=\"KOALI\" href=\"http:\/\/www.morel-france.com\/fr\/KOALI-Le_monde_vivant-73.html\" target=\"_blank\" rel=\"noopener\">KOALI<\/a>, <a title=\"GIVENCHY\" href=\"http:\/\/www.derigovision.es\" target=\"_blank\" rel=\"noopener\">GIVENCHY<\/a>, <a title=\"HLLLY & SON\" href=\"http:\/\/www.hally-son.com\/\" target=\"_blank\" rel=\"noopener\">HALLY&SON<\/a>,\u00a0GF FERRE, ADOLFO DOMINGUEZ, <a title=\"IVES SAINTLAURENT\" href=\"http:\/\/www.safilo.com\" target=\"_blank\" rel=\"noopener\">YVES SAINT LAURENT<\/a>, <a title=\"RAI BAN\" href=\"http:\/\/www.ray-ban.com\/spain\/\" target=\"_blank\" rel=\"noopener\">RAY BAN<\/a>, <a title=\"MAUI GIM\" href=\"http:\/\/www.mauijim.com\/shop\/en\/us\" target=\"_blank\" rel=\"noopener\">MAUI JIM<\/a>, <a title=\"BOLL\u00c9\" href=\"http:\/\/www.bolle.com\/\" target=\"_blank\" rel=\"noopener\">BOLLE<\/a>,<a title=\"CEBE\" href=\"http:\/\/cebe-eyewear.es\/\" target=\"_blank\" rel=\"noopener\">CEBE<\/a>, <a title=\"POLICE\" href=\"http:\/\/www.policelifestyle.com\/es_ES\/eyewear\" target=\"_blank\" rel=\"noopener\">POLICE<\/a>, <a title=\"MEDOP\" href=\"http:\/\/www.medop.es\/\" target=\"_blank\" rel=\"noopener\">MEDOP<\/a>, BENETTON, <a title=\"MILA - ZB\" href=\"https:\/\/www.facebook.com\/pages\/MILA-ZB\/452539708212742\" target=\"_blank\" rel=\"noopener\">MILA-ZB<\/a>, <a title=\"CAROLINA HERRERA \" href=\"http:\/\/www.derigovision.es\" target=\"_blank\" rel=\"noopener\">CAROLINA HERRERA<\/a> y <a title=\"ESCHENBACH\" href=\"http:\/\/www.eschenbach-optik.com\/en\/index.php?id=390&L=2\" target=\"_blank\" rel=\"noopener\">ESCHENBACH<\/a>.<\/p><p>\u00a0<\/p><p><iframe src=\"https:\/\/www.youtube.com\/embed\/TSm7W3mwb_U?feature=player_embedded\" width=\"640\" height=\"360\" frameborder=\"0\" allowfullscreen=\"allowfullscreen\"><\/iframe><\/p><p>Estas son las marcas con las que trabajamos:<\/p><p>[layerslider id=\"9\"]<\/p><p>[\/layerslider]<\/p>","_et_gb_content_width":"","footnotes":""},"class_list":["post-7488","page","type-page","status-publish","hentry"],"yoast_head":"<!-- This site is optimized with the Yoast SEO plugin v27.4 - https:\/\/yoast.com\/product\/yoast-seo-wordpress\/ -->\n<title>Gafas graduadas, de seguridad y de sol, Arrasate, Mondragon<\/title>\n<meta name=\"description\" content=\"Trabajamos con todo estilo de gafas, gafas graduadas, gafas de seguridad y gafas de sol de las siguientes marcas: police, boll\u00e9,oxibis, givenchy, etnia, hally son, koali, cebe, eschenbach, exalto\" \/>\n<meta name=\"robots\" content=\"index, follow, max-snippet:-1, max-image-preview:large, max-video-preview:-1\" \/>\n<link rel=\"canonical\" href=\"https:\/\/www.arrasateoptika.com\/eu\/que-hacemos\/gafas\/\" \/>\n<meta property=\"og:locale\" content=\"en_US\" \/>\n<meta property=\"og:type\" content=\"article\" \/>\n<meta property=\"og:title\" content=\"Gafas graduadas, de seguridad y de sol, Arrasate, Mondragon\" \/>\n<meta property=\"og:description\" content=\"Trabajamos con todo estilo de gafas, gafas graduadas, gafas de seguridad y gafas de sol de las siguientes marcas: police, boll\u00e9,oxibis, givenchy, etnia, hally son, koali, cebe, eschenbach, exalto\" \/>\n<meta property=\"og:url\" content=\"https:\/\/www.arrasateoptika.com\/eu\/que-hacemos\/gafas\/\" \/>\n<meta property=\"og:site_name\" content=\"Arrasate Optika\" \/>\n<meta property=\"article:publisher\" content=\"https:\/\/www.facebook.com\/arrasateoptikaoptometria\/\" \/>\n<meta property=\"article:modified_time\" content=\"2019-06-30T15:40:15+00:00\" \/>\n<meta name=\"twitter:label1\" content=\"Est. reading time\" \/>\n\t<meta name=\"twitter:data1\" content=\"2 minutua\" \/>\n<script type=\"application\/ld+json\" class=\"yoast-schema-graph\">{\"@context\":\"https:\\\/\\\/schema.org\",\"@graph\":[{\"@type\":\"WebPage\",\"@id\":\"https:\\\/\\\/www.arrasateoptika.com\\\/eu\\\/que-hacemos\\\/gafas\\\/\",\"url\":\"https:\\\/\\\/www.arrasateoptika.com\\\/eu\\\/que-hacemos\\\/gafas\\\/\",\"name\":\"Gafas graduadas, de seguridad y de sol, Arrasate, Mondragon\",\"isPartOf\":{\"@id\":\"https:\\\/\\\/www.arrasateoptika.com\\\/#website\"},\"datePublished\":\"2013-09-01T12:27:42+00:00\",\"dateModified\":\"2019-06-30T15:40:15+00:00\",\"description\":\"Trabajamos con todo estilo de gafas, gafas graduadas, gafas de seguridad y gafas de sol de las siguientes marcas: police, boll\u00e9,oxibis, givenchy, etnia, hally son, koali, cebe, eschenbach, exalto\",\"breadcrumb\":{\"@id\":\"https:\\\/\\\/www.arrasateoptika.com\\\/eu\\\/que-hacemos\\\/gafas\\\/#breadcrumb\"},\"inLanguage\":\"eu\",\"potentialAction\":[{\"@type\":\"ReadAction\",\"target\":[\"https:\\\/\\\/www.arrasateoptika.com\\\/eu\\\/que-hacemos\\\/gafas\\\/\"]}]},{\"@type\":\"BreadcrumbList\",\"@id\":\"https:\\\/\\\/www.arrasateoptika.com\\\/eu\\\/que-hacemos\\\/gafas\\\/#breadcrumb\",\"itemListElement\":[{\"@type\":\"ListItem\",\"position\":1,\"name\":\"Portada\",\"item\":\"https:\\\/\\\/www.arrasateoptika.com\\\/eu\\\/home-5\\\/\"},{\"@type\":\"ListItem\",\"position\":2,\"name\":\"Zer egiten dugu\",\"item\":\"https:\\\/\\\/www.arrasateoptika.com\\\/eu\\\/que-hacemos\\\/\"},{\"@type\":\"ListItem\",\"position\":3,\"name\":\"Optica\"}]},{\"@type\":\"WebSite\",\"@id\":\"https:\\\/\\\/www.arrasateoptika.com\\\/#website\",\"url\":\"https:\\\/\\\/www.arrasateoptika.com\\\/\",\"name\":\"Arrasate Optika\",\"description\":\"Optika  y optometr\u00eda\",\"potentialAction\":[{\"@type\":\"SearchAction\",\"target\":{\"@type\":\"EntryPoint\",\"urlTemplate\":\"https:\\\/\\\/www.arrasateoptika.com\\\/?s={search_term_string}\"},\"query-input\":{\"@type\":\"PropertyValueSpecification\",\"valueRequired\":true,\"valueName\":\"search_term_string\"}}],\"inLanguage\":\"eu\"}]}<\/script>\n<!-- \/ Yoast SEO plugin. -->","yoast_head_json":{"title":"Gafas graduadas, de seguridad y de sol, Arrasate, Mondragon","description":"Trabajamos con todo estilo de gafas, gafas graduadas, gafas de seguridad y gafas de sol de las siguientes marcas: police, boll\u00e9,oxibis, givenchy, etnia, hally son, koali, cebe, eschenbach, exalto","robots":{"index":"index","follow":"follow","max-snippet":"max-snippet:-1","max-image-preview":"max-image-preview:large","max-video-preview":"max-video-preview:-1"},"canonical":"https:\/\/www.arrasateoptika.com\/eu\/que-hacemos\/gafas\/","og_locale":"en_US","og_type":"article","og_title":"Gafas graduadas, de seguridad y de sol, Arrasate, Mondragon","og_description":"Trabajamos con todo estilo de gafas, gafas graduadas, gafas de seguridad y gafas de sol de las siguientes marcas: police, boll\u00e9,oxibis, givenchy, etnia, hally son, koali, cebe, eschenbach, exalto","og_url":"https:\/\/www.arrasateoptika.com\/eu\/que-hacemos\/gafas\/","og_site_name":"Arrasate Optika","article_publisher":"https:\/\/www.facebook.com\/arrasateoptikaoptometria\/","article_modified_time":"2019-06-30T15:40:15+00:00","twitter_misc":{"Est. reading time":"2 minutua"},"schema":{"@context":"https:\/\/schema.org","@graph":[{"@type":"WebPage","@id":"https:\/\/www.arrasateoptika.com\/eu\/que-hacemos\/gafas\/","url":"https:\/\/www.arrasateoptika.com\/eu\/que-hacemos\/gafas\/","name":"Gafas graduadas, de seguridad y de sol, Arrasate, Mondragon","isPartOf":{"@id":"https:\/\/www.arrasateoptika.com\/#website"},"datePublished":"2013-09-01T12:27:42+00:00","dateModified":"2019-06-30T15:40:15+00:00","description":"Trabajamos con todo estilo de gafas, gafas graduadas, gafas de seguridad y gafas de sol de las siguientes marcas: police, boll\u00e9,oxibis, givenchy, etnia, hally son, koali, cebe, eschenbach, exalto","breadcrumb":{"@id":"https:\/\/www.arrasateoptika.com\/eu\/que-hacemos\/gafas\/#breadcrumb"},"inLanguage":"eu","potentialAction":[{"@type":"ReadAction","target":["https:\/\/www.arrasateoptika.com\/eu\/que-hacemos\/gafas\/"]}]},{"@type":"BreadcrumbList","@id":"https:\/\/www.arrasateoptika.com\/eu\/que-hacemos\/gafas\/#breadcrumb","itemListElement":[{"@type":"ListItem","position":1,"name":"Portada","item":"https:\/\/www.arrasateoptika.com\/eu\/home-5\/"},{"@type":"ListItem","position":2,"name":"Zer egiten dugu","item":"https:\/\/www.arrasateoptika.com\/eu\/que-hacemos\/"},{"@type":"ListItem","position":3,"name":"Optica"}]},{"@type":"WebSite","@id":"https:\/\/www.arrasateoptika.com\/#website","url":"https:\/\/www.arrasateoptika.com\/","name":"Arrasate Optika","description":"Optika  y optometr\u00eda","potentialAction":[{"@type":"SearchAction","target":{"@type":"EntryPoint","urlTemplate":"https:\/\/www.arrasateoptika.com\/?s={search_term_string}"},"query-input":{"@type":"PropertyValueSpecification","valueRequired":true,"valueName":"search_term_string"}}],"inLanguage":"eu"}]}},"_links":{"self":[{"href":"https:\/\/www.arrasateoptika.com\/eu\/wp-json\/wp\/v2\/pages\/7488","targetHints":{"allow":["GET"]}}],"collection":[{"href":"https:\/\/www.arrasateoptika.com\/eu\/wp-json\/wp\/v2\/pages"}],"about":[{"href":"https:\/\/www.arrasateoptika.com\/eu\/wp-json\/wp\/v2\/types\/page"}],"author":[{"embeddable":true,"href":"https:\/\/www.arrasateoptika.com\/eu\/wp-json\/wp\/v2\/users\/2"}],"replies":[{"embeddable":true,"href":"https:\/\/www.arrasateoptika.com\/eu\/wp-json\/wp\/v2\/comments?post=7488"}],"version-history":[{"count":11,"href":"https:\/\/www.arrasateoptika.com\/eu\/wp-json\/wp\/v2\/pages\/7488\/revisions"}],"predecessor-version":[{"id":11446,"href":"https:\/\/www.arrasateoptika.com\/eu\/wp-json\/wp\/v2\/pages\/7488\/revisions\/11446"}],"up":[{"embeddable":true,"href":"https:\/\/www.arrasateoptika.com\/eu\/wp-json\/wp\/v2\/pages\/11074"}],"wp:attachment":[{"href":"https:\/\/www.arrasateoptika.com\/eu\/wp-json\/wp\/v2\/media?parent=7488"}],"curies":[{"name":"wp","href":"https:\/\/api.w.org\/{rel}","templated":true}]}}