{"id":10666,"date":"2018-04-16T09:56:17","date_gmt":"2018-04-16T09:56:17","guid":{"rendered":"http:\/\/www.arrasateoptika.com\/ainhoa-lakuesta\/"},"modified":"2020-02-18T16:01:29","modified_gmt":"2020-02-18T16:01:29","slug":"ainhoa-lakuesta","status":"publish","type":"page","link":"https:\/\/www.arrasateoptika.com\/eu\/quienes-somos-ok\/ainhoa-lakuesta\/","title":{"rendered":"AINHOA LAKUESTA"},"content":{"rendered":"<p>[et_pb_section fb_built=&#8221;1&#8243; custom_padding_last_edited=&#8221;on|phone&#8221; admin_label=&#8221;Hero Section&#8221; _builder_version=&#8221;3.0.106&#8243; use_background_color_gradient=&#8221;on&#8221; background_color_gradient_start=&#8221;#a055a3&#8243; background_color_gradient_end=&#8221;#ca85d7&#8243; background_color_gradient_direction=&#8221;105deg&#8221; custom_margin=&#8221;0px||0px|&#8221; custom_padding=&#8221;20px|0px|20px|0px&#8221; custom_padding_phone=&#8221;0px|0px|0px|0px&#8221;][et_pb_row _builder_version=&#8221;3.0.47&#8243; background_size=&#8221;initial&#8221; background_position=&#8221;top_left&#8221; background_repeat=&#8221;repeat&#8221;][et_pb_column type=&#8221;4_4&#8243; _builder_version=&#8221;3.0.47&#8243;][et_pb_text _builder_version=&#8221;3.0.106&#8243; text_font=&#8221;Poppins||||||||&#8221; text_text_color=&#8221;rgba(255,255,255,0.8)&#8221; text_font_size=&#8221;18px&#8221; text_line_height=&#8221;1.8em&#8221; header_font=&#8221;Poppins|600|||||||&#8221; header_text_color=&#8221;#ffffff&#8221; header_font_size=&#8221;48px&#8221; header_font_size_phone=&#8221;20px&#8221; header_font_size_last_edited=&#8221;on|desktop&#8221; header_line_height=&#8221;1.4em&#8221; header_3_font=&#8221;Poppins|600|||||||&#8221; header_3_font_size=&#8221;36px&#8221; header_3_line_height=&#8221;1.4em&#8221; background_layout=&#8221;dark&#8221; max_width=&#8221;600px&#8221; module_alignment=&#8221;left&#8221; custom_margin=&#8221;|||&#8221; locked=&#8221;off&#8221;]<\/p>\n<h1>\u00bfQuienes somos?<\/h1>\n<p>[\/et_pb_text][\/et_pb_column][\/et_pb_row][\/et_pb_section][et_pb_section fb_built=&#8221;1&#8243; _builder_version=&#8221;3.0.47&#8243; custom_padding=&#8221;14px|0px|0|0px&#8221;][et_pb_row _builder_version=&#8221;3.0.47&#8243; background_size=&#8221;initial&#8221; background_position=&#8221;top_left&#8221; background_repeat=&#8221;repeat&#8221;][et_pb_column type=&#8221;4_4&#8243; _builder_version=&#8221;3.0.47&#8243;][et_pb_text _builder_version=&#8221;3.0.106&#8243; saved_tabs=&#8221;all&#8221;]<a href=\"..\/quienes-somos-ok\/\">Qui\u00e9nes somos &gt; AINHOA LAKUESTA<\/a><br \/>\n[\/et_pb_text][et_pb_text admin_label=&#8221;Texto bueno titulo&#8221; _builder_version=&#8221;3.0.106&#8243; text_font_size=&#8221;19px&#8221; text_font_size_phone=&#8221;15px&#8221; text_font_size_last_edited=&#8221;on|phone&#8221; header_font_size=&#8221;31px&#8221; header_font_size_phone=&#8221;20px&#8221; header_font_size_last_edited=&#8221;on|desktop&#8221; header_3_font=&#8221;Poppins|600|||||||&#8221; header_3_text_color=&#8221;#44d89e&#8221; header_3_font_size=&#8221;36px&#8221; header_3_font_size_phone=&#8221;21px&#8221; header_3_font_size_last_edited=&#8221;on|phone&#8221; header_3_line_height=&#8221;1.4em&#8221; saved_tabs=&#8221;all&#8221;]<\/p>\n<h3>AINHOA LAKUESTA<\/h3>\n<p>Optico-Optometrista<br \/>\n[\/et_pb_text][\/et_pb_column][\/et_pb_row][\/et_pb_section][et_pb_section fb_built=&#8221;1&#8243; _builder_version=&#8221;3.0.47&#8243;][et_pb_row _builder_version=&#8221;3.0.47&#8243; background_size=&#8221;initial&#8221; background_position=&#8221;top_left&#8221; background_repeat=&#8221;repeat&#8221;][et_pb_column type=&#8221;1_3&#8243; _builder_version=&#8221;3.0.47&#8243;][et_pb_team_member name=&#8221;Ainhoa Lakuesta&#8221; position=&#8221;Optico-optometrista&#8221; image_url=&#8221;https:\/\/www.arrasateoptika.com\/wp-content\/uploads\/2020\/02\/tmp_2020021811373321471-1.jpg&#8221; icon_color=&#8221;#44d89e&#8221; _builder_version=&#8221;3.21&#8243; header_font=&#8221;Poppins|500|||||||&#8221; header_text_color=&#8221;#486066&#8243; body_font=&#8221;Open Sans||||||||&#8221; body_font_size_tablet=&#8221;12&#8243; body_font_size_last_edited=&#8221;on|phone&#8221; body_line_height=&#8221;1.8em&#8221; background_color=&#8221;#ffffff&#8221; border_radii=&#8221;on|6px|6px|6px|6px&#8221; box_shadow_style=&#8221;preset1&#8243; box_shadow_vertical=&#8221;10px&#8221; box_shadow_blur=&#8221;24px&#8221; box_shadow_spread=&#8221;6px&#8221; box_shadow_color=&#8221;rgba(0,0,0,0.06)&#8221; text_orientation=&#8221;center&#8221; custom_margin=&#8221;|||&#8221; custom_padding=&#8221;20px|20px|20px|20px&#8221; animation_style=&#8221;fade&#8221; icon_hover_color=&#8221;#353740&#8243; saved_tabs=&#8221;all&#8221; icon_color__hover=&#8221;#353740&#8243; icon_color__hover_enabled=&#8221;on&#8221;]<\/p>\n<p style=\"text-align: center;\"><a href=\"mailto:optometria@arrasateoptika.com\">optometria@arrasateoptika.com<\/a><br \/>\n943 79 25 98<\/p>\n<p>[\/et_pb_team_member][\/et_pb_column][et_pb_column type=&#8221;2_3&#8243; _builder_version=&#8221;3.0.47&#8243;][et_pb_text _builder_version=&#8221;3.0.106&#8243;]<\/p>\n<p>Ainhoa Lakuesta de la Fuente proviene de una familia con a\u00f1os de experiencia en el mundo de la \u00f3ptica. Su padre abri\u00f3 las puertas de \u00f3ptica Lacuesta en el a\u00f1o 1956.<\/p>\n<p>Ainhoa se diplom\u00f3 en \u00d3ptica y Optometr\u00eda por la Universidad Complutense de Madrid en el a\u00f1o 1994.<\/p>\n<p>Desde entonces regent\u00f3 \u00d3ptica Lakuesta de Soraluze (Gipuzkoa), haciendo todas las funciones correspondientes de \u00f3ptica.<\/p>\n<p>Como formaci\u00f3n acad\u00e9mica ha cursado:<\/p>\n<p>&#8211; Asistencia al seminario de Ambliop\u00eda y estrabismo impartido por el Dr. Geltz en el Centro de Optometr\u00eda Internacional de Madrid (22horas lectivas) -1993<\/p>\n<p>&#8211; Curso intensivo de visi\u00f3n binocular y entrenamiento visual en el Centro de Optometr\u00eda Internacional de Madrid (72horas lectivas) &#8211; 1995<\/p>\n<p>&#8211; Curso de aplicadores de audiopr\u00f3tesis de Gaes en Santander &#8211; 1996<\/p>\n<p>&nbsp;<\/p>\n<p>Desde el a\u00f1o 2013 trabaja junto a Leire y Ainhoa formando entre las tres ARRASATE OPTIKA OPTOMETRIA ZENTRUA.<\/p>\n<p>&nbsp;<\/p>\n<p>&nbsp;<\/p>\n<p>&nbsp;<\/p>\n<p>&nbsp;<\/p>\n<p>&nbsp;<\/p>\n<p>[\/et_pb_text][\/et_pb_column][\/et_pb_row][\/et_pb_section][et_pb_section fb_built=&#8221;1&#8243; _builder_version=&#8221;3.5.1&#8243;][et_pb_row _builder_version=&#8221;3.0.47&#8243; background_size=&#8221;initial&#8221; background_position=&#8221;top_left&#8221; background_repeat=&#8221;repeat&#8221;][et_pb_column type=&#8221;1_3&#8243; _builder_version=&#8221;3.0.47&#8243;][et_pb_button button_url=&#8221;https:\/\/www.arrasateoptika.com\/quienes-somos-ok\/leire-telleria-garai\/&#8221; button_text=&#8221;Leire Telleria&#8221; button_alignment=&#8221;center&#8221; admin_label=&#8221;Button LT&#8221; _builder_version=&#8221;3.16&#8243; button_text_size__hover_enabled=&#8221;off&#8221; button_one_text_size__hover_enabled=&#8221;off&#8221; button_two_text_size__hover_enabled=&#8221;off&#8221; button_text_color__hover_enabled=&#8221;off&#8221; button_one_text_color__hover_enabled=&#8221;off&#8221; button_two_text_color__hover_enabled=&#8221;off&#8221; button_border_width__hover_enabled=&#8221;off&#8221; button_one_border_width__hover_enabled=&#8221;off&#8221; button_two_border_width__hover_enabled=&#8221;off&#8221; button_border_color__hover_enabled=&#8221;off&#8221; button_one_border_color__hover_enabled=&#8221;off&#8221; button_two_border_color__hover_enabled=&#8221;off&#8221; button_border_radius__hover_enabled=&#8221;off&#8221; button_one_border_radius__hover_enabled=&#8221;off&#8221; button_two_border_radius__hover_enabled=&#8221;off&#8221; button_letter_spacing__hover_enabled=&#8221;off&#8221; button_one_letter_spacing__hover_enabled=&#8221;off&#8221; button_two_letter_spacing__hover_enabled=&#8221;off&#8221; button_bg_color__hover_enabled=&#8221;off&#8221; button_one_bg_color__hover_enabled=&#8221;off&#8221; button_two_bg_color__hover_enabled=&#8221;off&#8221;][\/et_pb_button][\/et_pb_column][et_pb_column type=&#8221;1_3&#8243; _builder_version=&#8221;3.0.47&#8243;][et_pb_button button_url=&#8221;https:\/\/www.arrasateoptika.com\/quienes-somos-ok\/ainhoa-barrenetxea-lazkano\/&#8221; button_text=&#8221;Ainhoa Barrenetxea&#8221; button_alignment=&#8221;center&#8221; admin_label=&#8221;Button AB&#8221; _builder_version=&#8221;3.16&#8243; button_text_size__hover_enabled=&#8221;off&#8221; button_one_text_size__hover_enabled=&#8221;off&#8221; button_two_text_size__hover_enabled=&#8221;off&#8221; button_text_color__hover_enabled=&#8221;off&#8221; button_one_text_color__hover_enabled=&#8221;off&#8221; button_two_text_color__hover_enabled=&#8221;off&#8221; button_border_width__hover_enabled=&#8221;off&#8221; button_one_border_width__hover_enabled=&#8221;off&#8221; button_two_border_width__hover_enabled=&#8221;off&#8221; button_border_color__hover_enabled=&#8221;off&#8221; button_one_border_color__hover_enabled=&#8221;off&#8221; button_two_border_color__hover_enabled=&#8221;off&#8221; button_border_radius__hover_enabled=&#8221;off&#8221; button_one_border_radius__hover_enabled=&#8221;off&#8221; button_two_border_radius__hover_enabled=&#8221;off&#8221; button_letter_spacing__hover_enabled=&#8221;off&#8221; button_one_letter_spacing__hover_enabled=&#8221;off&#8221; button_two_letter_spacing__hover_enabled=&#8221;off&#8221; button_bg_color__hover_enabled=&#8221;off&#8221; button_one_bg_color__hover_enabled=&#8221;off&#8221; button_two_bg_color__hover_enabled=&#8221;off&#8221;][\/et_pb_button][\/et_pb_column][et_pb_column type=&#8221;1_3&#8243; _builder_version=&#8221;3.0.47&#8243;][et_pb_button button_url=&#8221;https:\/\/www.arrasateoptika.com\/ainhoa-lakuesta\/&#8221; button_text=&#8221;Ainhoa Lakuesta&#8221; button_alignment=&#8221;center&#8221; admin_label=&#8221;Button AL&#8221; _builder_version=&#8221;3.16&#8243; button_text_size__hover_enabled=&#8221;off&#8221; button_one_text_size__hover_enabled=&#8221;off&#8221; button_two_text_size__hover_enabled=&#8221;off&#8221; button_text_color__hover_enabled=&#8221;off&#8221; button_one_text_color__hover_enabled=&#8221;off&#8221; button_two_text_color__hover_enabled=&#8221;off&#8221; button_border_width__hover_enabled=&#8221;off&#8221; button_one_border_width__hover_enabled=&#8221;off&#8221; button_two_border_width__hover_enabled=&#8221;off&#8221; button_border_color__hover_enabled=&#8221;off&#8221; button_one_border_color__hover_enabled=&#8221;off&#8221; button_two_border_color__hover_enabled=&#8221;off&#8221; button_border_radius__hover_enabled=&#8221;off&#8221; button_one_border_radius__hover_enabled=&#8221;off&#8221; button_two_border_radius__hover_enabled=&#8221;off&#8221; button_letter_spacing__hover_enabled=&#8221;off&#8221; button_one_letter_spacing__hover_enabled=&#8221;off&#8221; button_two_letter_spacing__hover_enabled=&#8221;off&#8221; button_bg_color__hover_enabled=&#8221;off&#8221; button_one_bg_color__hover_enabled=&#8221;off&#8221; button_two_bg_color__hover_enabled=&#8221;off&#8221;][\/et_pb_button][\/et_pb_column][\/et_pb_row][\/et_pb_section]<\/p>\n","protected":false},"excerpt":{"rendered":"<p>\u00bfQuienes somos? Qui\u00e9nes somos &gt; AINHOA LAKUESTA AINHOA LAKUESTA Optico-Optometrista optometria@arrasateoptika.com 943 79 25 98 Ainhoa Lakuesta de la Fuente proviene de una familia con a\u00f1os de experiencia en el mundo de la \u00f3ptica. Su padre abri\u00f3 las puertas de \u00f3ptica Lacuesta en el a\u00f1o 1956. Ainhoa se diplom\u00f3 en \u00d3ptica y Optometr\u00eda por la [&hellip;]<\/p>\n","protected":false},"author":2,"featured_media":0,"parent":10661,"menu_order":0,"comment_status":"closed","ping_status":"closed","template":"","meta":{"_et_pb_use_builder":"on","_et_pb_old_content":"","_et_gb_content_width":"","footnotes":""},"class_list":["post-10666","page","type-page","status-publish","hentry"],"yoast_head":"<!-- This site is optimized with the Yoast SEO plugin v27.5 - https:\/\/yoast.com\/product\/yoast-seo-wordpress\/ -->\n<title>AINHOA LAKUESTA - Arrasate Optika<\/title>\n<meta name=\"robots\" content=\"index, follow, max-snippet:-1, max-image-preview:large, max-video-preview:-1\" \/>\n<link rel=\"canonical\" href=\"https:\/\/www.arrasateoptika.com\/eu\/quienes-somos-ok\/ainhoa-lakuesta\/\" \/>\n<meta property=\"og:locale\" content=\"en_US\" \/>\n<meta property=\"og:type\" content=\"article\" \/>\n<meta property=\"og:title\" content=\"AINHOA LAKUESTA - Arrasate Optika\" \/>\n<meta property=\"og:description\" content=\"\u00bfQuienes somos? Qui\u00e9nes somos &gt; AINHOA LAKUESTA AINHOA LAKUESTA Optico-Optometrista optometria@arrasateoptika.com 943 79 25 98 Ainhoa Lakuesta de la Fuente proviene de una familia con a\u00f1os de experiencia en el mundo de la \u00f3ptica. Su padre abri\u00f3 las puertas de \u00f3ptica Lacuesta en el a\u00f1o 1956. Ainhoa se diplom\u00f3 en \u00d3ptica y Optometr\u00eda por la [&hellip;]\" \/>\n<meta property=\"og:url\" content=\"https:\/\/www.arrasateoptika.com\/eu\/quienes-somos-ok\/ainhoa-lakuesta\/\" \/>\n<meta property=\"og:site_name\" content=\"Arrasate Optika\" \/>\n<meta property=\"article:publisher\" content=\"https:\/\/www.facebook.com\/arrasateoptikaoptometria\/\" \/>\n<meta property=\"article:modified_time\" content=\"2020-02-18T16:01:29+00:00\" \/>\n<meta name=\"twitter:label1\" content=\"Est. reading time\" \/>\n\t<meta name=\"twitter:data1\" content=\"6 minutua\" \/>\n<script type=\"application\/ld+json\" class=\"yoast-schema-graph\">{\"@context\":\"https:\\\/\\\/schema.org\",\"@graph\":[{\"@type\":\"WebPage\",\"@id\":\"https:\\\/\\\/www.arrasateoptika.com\\\/eu\\\/quienes-somos-ok\\\/ainhoa-lakuesta\\\/\",\"url\":\"https:\\\/\\\/www.arrasateoptika.com\\\/eu\\\/quienes-somos-ok\\\/ainhoa-lakuesta\\\/\",\"name\":\"AINHOA LAKUESTA - Arrasate Optika\",\"isPartOf\":{\"@id\":\"https:\\\/\\\/www.arrasateoptika.com\\\/#website\"},\"datePublished\":\"2018-04-16T09:56:17+00:00\",\"dateModified\":\"2020-02-18T16:01:29+00:00\",\"breadcrumb\":{\"@id\":\"https:\\\/\\\/www.arrasateoptika.com\\\/eu\\\/quienes-somos-ok\\\/ainhoa-lakuesta\\\/#breadcrumb\"},\"inLanguage\":\"eu\",\"potentialAction\":[{\"@type\":\"ReadAction\",\"target\":[\"https:\\\/\\\/www.arrasateoptika.com\\\/eu\\\/quienes-somos-ok\\\/ainhoa-lakuesta\\\/\"]}]},{\"@type\":\"BreadcrumbList\",\"@id\":\"https:\\\/\\\/www.arrasateoptika.com\\\/eu\\\/quienes-somos-ok\\\/ainhoa-lakuesta\\\/#breadcrumb\",\"itemListElement\":[{\"@type\":\"ListItem\",\"position\":1,\"name\":\"Portada\",\"item\":\"https:\\\/\\\/www.arrasateoptika.com\\\/eu\\\/home-5\\\/\"},{\"@type\":\"ListItem\",\"position\":2,\"name\":\"Nortzuk gara\",\"item\":\"https:\\\/\\\/www.arrasateoptika.com\\\/eu\\\/quienes-somos-ok\\\/\"},{\"@type\":\"ListItem\",\"position\":3,\"name\":\"AINHOA LAKUESTA\"}]},{\"@type\":\"WebSite\",\"@id\":\"https:\\\/\\\/www.arrasateoptika.com\\\/#website\",\"url\":\"https:\\\/\\\/www.arrasateoptika.com\\\/\",\"name\":\"Arrasate Optika\",\"description\":\"Optika  y optometr\u00eda\",\"potentialAction\":[{\"@type\":\"SearchAction\",\"target\":{\"@type\":\"EntryPoint\",\"urlTemplate\":\"https:\\\/\\\/www.arrasateoptika.com\\\/?s={search_term_string}\"},\"query-input\":{\"@type\":\"PropertyValueSpecification\",\"valueRequired\":true,\"valueName\":\"search_term_string\"}}],\"inLanguage\":\"eu\"}]}<\/script>\n<!-- \/ Yoast SEO plugin. -->","yoast_head_json":{"title":"AINHOA LAKUESTA - Arrasate Optika","robots":{"index":"index","follow":"follow","max-snippet":"max-snippet:-1","max-image-preview":"max-image-preview:large","max-video-preview":"max-video-preview:-1"},"canonical":"https:\/\/www.arrasateoptika.com\/eu\/quienes-somos-ok\/ainhoa-lakuesta\/","og_locale":"en_US","og_type":"article","og_title":"AINHOA LAKUESTA - Arrasate Optika","og_description":"\u00bfQuienes somos? Qui\u00e9nes somos &gt; AINHOA LAKUESTA AINHOA LAKUESTA Optico-Optometrista optometria@arrasateoptika.com 943 79 25 98 Ainhoa Lakuesta de la Fuente proviene de una familia con a\u00f1os de experiencia en el mundo de la \u00f3ptica. Su padre abri\u00f3 las puertas de \u00f3ptica Lacuesta en el a\u00f1o 1956. Ainhoa se diplom\u00f3 en \u00d3ptica y Optometr\u00eda por la [&hellip;]","og_url":"https:\/\/www.arrasateoptika.com\/eu\/quienes-somos-ok\/ainhoa-lakuesta\/","og_site_name":"Arrasate Optika","article_publisher":"https:\/\/www.facebook.com\/arrasateoptikaoptometria\/","article_modified_time":"2020-02-18T16:01:29+00:00","twitter_misc":{"Est. reading time":"6 minutua"},"schema":{"@context":"https:\/\/schema.org","@graph":[{"@type":"WebPage","@id":"https:\/\/www.arrasateoptika.com\/eu\/quienes-somos-ok\/ainhoa-lakuesta\/","url":"https:\/\/www.arrasateoptika.com\/eu\/quienes-somos-ok\/ainhoa-lakuesta\/","name":"AINHOA LAKUESTA - Arrasate Optika","isPartOf":{"@id":"https:\/\/www.arrasateoptika.com\/#website"},"datePublished":"2018-04-16T09:56:17+00:00","dateModified":"2020-02-18T16:01:29+00:00","breadcrumb":{"@id":"https:\/\/www.arrasateoptika.com\/eu\/quienes-somos-ok\/ainhoa-lakuesta\/#breadcrumb"},"inLanguage":"eu","potentialAction":[{"@type":"ReadAction","target":["https:\/\/www.arrasateoptika.com\/eu\/quienes-somos-ok\/ainhoa-lakuesta\/"]}]},{"@type":"BreadcrumbList","@id":"https:\/\/www.arrasateoptika.com\/eu\/quienes-somos-ok\/ainhoa-lakuesta\/#breadcrumb","itemListElement":[{"@type":"ListItem","position":1,"name":"Portada","item":"https:\/\/www.arrasateoptika.com\/eu\/home-5\/"},{"@type":"ListItem","position":2,"name":"Nortzuk gara","item":"https:\/\/www.arrasateoptika.com\/eu\/quienes-somos-ok\/"},{"@type":"ListItem","position":3,"name":"AINHOA LAKUESTA"}]},{"@type":"WebSite","@id":"https:\/\/www.arrasateoptika.com\/#website","url":"https:\/\/www.arrasateoptika.com\/","name":"Arrasate Optika","description":"Optika  y optometr\u00eda","potentialAction":[{"@type":"SearchAction","target":{"@type":"EntryPoint","urlTemplate":"https:\/\/www.arrasateoptika.com\/?s={search_term_string}"},"query-input":{"@type":"PropertyValueSpecification","valueRequired":true,"valueName":"search_term_string"}}],"inLanguage":"eu"}]}},"_links":{"self":[{"href":"https:\/\/www.arrasateoptika.com\/eu\/wp-json\/wp\/v2\/pages\/10666","targetHints":{"allow":["GET"]}}],"collection":[{"href":"https:\/\/www.arrasateoptika.com\/eu\/wp-json\/wp\/v2\/pages"}],"about":[{"href":"https:\/\/www.arrasateoptika.com\/eu\/wp-json\/wp\/v2\/types\/page"}],"author":[{"embeddable":true,"href":"https:\/\/www.arrasateoptika.com\/eu\/wp-json\/wp\/v2\/users\/2"}],"replies":[{"embeddable":true,"href":"https:\/\/www.arrasateoptika.com\/eu\/wp-json\/wp\/v2\/comments?post=10666"}],"version-history":[{"count":13,"href":"https:\/\/www.arrasateoptika.com\/eu\/wp-json\/wp\/v2\/pages\/10666\/revisions"}],"predecessor-version":[{"id":11775,"href":"https:\/\/www.arrasateoptika.com\/eu\/wp-json\/wp\/v2\/pages\/10666\/revisions\/11775"}],"up":[{"embeddable":true,"href":"https:\/\/www.arrasateoptika.com\/eu\/wp-json\/wp\/v2\/pages\/10661"}],"wp:attachment":[{"href":"https:\/\/www.arrasateoptika.com\/eu\/wp-json\/wp\/v2\/media?parent=10666"}],"curies":[{"name":"wp","href":"https:\/\/api.w.org\/{rel}","templated":true}]}}